{"id":143917,"date":"2019-09-30T11:09:16","date_gmt":"2019-09-30T09:09:16","guid":{"rendered":"https:\/\/www.lesfoyersdecharite.com\/?page_id=143917"},"modified":"2019-09-30T11:54:47","modified_gmt":"2019-09-30T09:54:47","slug":"tax-learning","status":"publish","type":"page","link":"https:\/\/www.lesfoyersdecharite.com\/en\/support-us\/tax-learning\/","title":{"rendered":"Tax learning"},"content":{"rendered":"\n<p>Le lyc\u00e9e Technique les <a rel=\"noreferrer noopener\" href=\"http:\/\/www.lycee-mandailles.com\" target=\"_blank\">Mandailles<\/a> est habilit\u00e9 \u00e0 recevoir la taxe d\u2019apprentissage. <\/p>\n\n\n\n<p>Il est situ\u00e9 \u00e0 Ch\u00e2teauneuf de Galaure et fait partie des Etablissements scolaires des Foyers de Charit\u00e9.<\/p>\n\n\n\n<p><a href=\"http:\/\/www.lycee-mandailles.com\/soutenir-le-lycee-2\/\" target=\"_blank\" rel=\"noreferrer noopener\" aria-label=\"Soutenez l\u2019avenir (s\u2019ouvre dans un nouvel onglet)\">Soutenez l\u2019avenir<\/a> des jeunes des Mandailles : accompagnez-les dans leur  parcours scolaire et professionnel vers demain en versant votre taxe  d\u2019apprentissage au lyc\u00e9e les Mandailles !<\/p>\n\n\n\n<div class=\"wp-block-button is-style-squared\"><a class=\"wp-block-button__link has-background has-luminous-vivid-orange-background-color\" href=\"https:\/\/www.lesfoyersdecharite.com\/custom\/uploads\/2019\/09\/Mandailles-PlaquetteTAP2018-BAT.pdf\">T\u00e9l\u00e9charger la plaquette<\/a><\/div>\n","protected":false},"excerpt":{"rendered":"<p>Le lyc\u00e9e Technique les Mandailles est habilit\u00e9 \u00e0 recevoir la taxe d\u2019apprentissage. Il est situ\u00e9 \u00e0 Ch\u00e2teauneuf de Galaure et fait partie des Etablissements scolaires des Foyers de Charit\u00e9. Soutenez l\u2019avenir des jeunes des Mandailles : accompagnez-les dans leur parcours scolaire et professionnel vers demain en versant votre taxe d\u2019apprentissage au lyc\u00e9e les Mandailles !<\/p>\n","protected":false},"author":1,"featured_media":143857,"parent":41434,"menu_order":0,"comment_status":"closed","ping_status":"closed","template":"","meta":{"_acf_changed":false,"footnotes":""},"class_list":["post-143917","page","type-page","status-publish","has-post-thumbnail","hentry"],"acf":[],"_links":{"self":[{"href":"https:\/\/www.lesfoyersdecharite.com\/en\/wp-json\/wp\/v2\/pages\/143917","targetHints":{"allow":["GET"]}}],"collection":[{"href":"https:\/\/www.lesfoyersdecharite.com\/en\/wp-json\/wp\/v2\/pages"}],"about":[{"href":"https:\/\/www.lesfoyersdecharite.com\/en\/wp-json\/wp\/v2\/types\/page"}],"author":[{"embeddable":true,"href":"https:\/\/www.lesfoyersdecharite.com\/en\/wp-json\/wp\/v2\/users\/1"}],"replies":[{"embeddable":true,"href":"https:\/\/www.lesfoyersdecharite.com\/en\/wp-json\/wp\/v2\/comments?post=143917"}],"version-history":[{"count":3,"href":"https:\/\/www.lesfoyersdecharite.com\/en\/wp-json\/wp\/v2\/pages\/143917\/revisions"}],"predecessor-version":[{"id":143957,"href":"https:\/\/www.lesfoyersdecharite.com\/en\/wp-json\/wp\/v2\/pages\/143917\/revisions\/143957"}],"up":[{"embeddable":true,"href":"https:\/\/www.lesfoyersdecharite.com\/en\/wp-json\/wp\/v2\/pages\/41434"}],"wp:featuredmedia":[{"embeddable":true,"href":"https:\/\/www.lesfoyersdecharite.com\/en\/wp-json\/wp\/v2\/media\/143857"}],"wp:attachment":[{"href":"https:\/\/www.lesfoyersdecharite.com\/en\/wp-json\/wp\/v2\/media?parent=143917"}],"curies":[{"name":"wp","href":"https:\/\/api.w.org\/{rel}","templated":true}]}}