{"id":236945,"date":"2020-05-01T16:06:22","date_gmt":"2020-05-01T14:06:22","guid":{"rendered":"https:\/\/www.lesfoyersdecharite.com\/?page_id=236945"},"modified":"2020-05-06T23:51:01","modified_gmt":"2020-05-06T21:51:01","slug":"accompagnement-des-foyers-mai-2020","status":"publish","type":"page","link":"https:\/\/www.lesfoyersdecharite.com\/en\/accompagnement-des-foyers-mai-2020\/","title":{"rendered":"Accompagnement des Foyers mai 2020"},"content":{"rendered":"\n<h2 class=\"wp-block-heading\">Fran\u00e7ais<\/h2>\n\n\n\n<ul class=\"wp-block-list\"><li>Communiqu\u00e9 de presse &#8211;  <a rel=\"noreferrer noopener\" aria-label=\"ici (s\u2019ouvre dans un nouvel onglet)\" href=\"https:\/\/www.lesfoyersdecharite.com\/custom\/uploads\/2020\/05\/1-FR-Communique\u0301-7-05-2020.pdf\" target=\"_blank\">ici<\/a><\/li><li>Synth\u00e8se du rapport de la Commission de recherches &#8211;  <a href=\"https:\/\/www.lesfoyersdecharite.com\/custom\/uploads\/2020\/05\/2-FR-Synthe\u0300se-rapport-commission-FDC.pdf\">i<\/a><a rel=\"noreferrer noopener\" aria-label=\"ci (s\u2019ouvre dans un nouvel onglet)\" href=\"https:\/\/www.lesfoyersdecharite.com\/custom\/uploads\/2020\/05\/2-FR-Synthe\u0300se-rapport-commission-FDC.pdf\" target=\"_blank\">ci<\/a><\/li><li>Message VIDEO du p\u00e8re Mo\u00efse Ndione &#8211;  <a rel=\"noreferrer noopener\" aria-label=\"ici (s\u2019ouvre dans un nouvel onglet)\" href=\"https:\/\/youtu.be\/wrXZSAxFmH4\" target=\"_blank\">ici<\/a><\/li><li>Proposition d&#8217;accompagnement des communaut\u00e9s &#8211;  <a rel=\"noreferrer noopener\" aria-label=\" (s\u2019ouvre dans un nouvel onglet)\" href=\"https:\/\/www.lesfoyersdecharite.com\/custom\/uploads\/2020\/05\/4-FR-proposition-daccompagnement-des-communaute\u0301s.pdf\" target=\"_blank\">ici<\/a><\/li><li>Conseils pour les responsables de communaute\u0301 &#8211;  <a rel=\"noreferrer noopener\" aria-label=\"ici (s\u2019ouvre dans un nouvel onglet)\" href=\"https:\/\/www.lesfoyersdecharite.com\/custom\/uploads\/2020\/05\/5-FR-Conseils-pour-les-responsables-de-communaute\u0301.pdf\" target=\"_blank\">ici<\/a><\/li><li>Fiche contacts utiles &#8211;  <a rel=\"noreferrer noopener\" aria-label=\"ici (s\u2019ouvre dans un nouvel onglet)\" href=\"https:\/\/www.lesfoyersdecharite.com\/custom\/uploads\/2020\/05\/FR-Fiche-nume\u0301ros-FDC.pdf\" target=\"_blank\">ici<\/a><\/li><li>Fiche d\u00e9marches en cas d&#8217;abus  &#8211;  <a rel=\"noreferrer noopener\" aria-label=\" (s\u2019ouvre dans un nouvel onglet)\" href=\"https:\/\/www.lesfoyersdecharite.com\/custom\/uploads\/2020\/05\/FR-Fiche-de\u0301marches-en-cas-dabus-FDC.pdf\" target=\"_blank\">ici<\/a><\/li><\/ul>\n\n\n\n<h2 class=\"wp-block-heading\">Anglais<\/h2>\n\n\n\n<ul class=\"wp-block-list\"><li>Press release &#8211; <a href=\"https:\/\/www.lesfoyersdecharite.com\/custom\/uploads\/2020\/05\/1-EN-Communique\u0301-7-05-2020.pdf\" target=\"_blank\" rel=\"noreferrer noopener\" aria-label=\"here (s\u2019ouvre dans un nouvel onglet)\">here<\/a><\/li><li>Summary of the research commission on Fr G. Finet &#8211; <a rel=\"noreferrer noopener\" aria-label=\" (s\u2019ouvre dans un nouvel onglet)\" href=\"https:\/\/www.lesfoyersdecharite.com\/custom\/uploads\/2020\/05\/2-EN-Summary-Research-commission-on-Fr-Georges-Finet-FDC.pdf\" target=\"_blank\">here<\/a><\/li><li>Message of the Fr Mo\u00efse Ndione &#8211;  <a rel=\"noreferrer noopener\" aria-label=\"here (s\u2019ouvre dans un nouvel onglet)\" href=\"https:\/\/youtu.be\/RzDt4Ghso-k\" target=\"_blank\">here<\/a><\/li><li>Proposed support measures for the Foyers de Charit\u00e9 communities  &#8211; <a rel=\"noreferrer noopener\" aria-label=\"here (s\u2019ouvre dans un nouvel onglet)\" href=\"https:\/\/www.lesfoyersdecharite.com\/custom\/uploads\/2020\/05\/2-EN-Summary-Research-commission-on-Fr-Georges-Finet-FDC.pdf\" target=\"_blank\">he<\/a><a rel=\"noreferrer noopener\" aria-label=\"re\u2028Tips (s\u2019ouvre dans un nouvel onglet)\" href=\"https:\/\/www.lesfoyersdecharite.com\/custom\/uploads\/2020\/05\/4-EN-proposition-daccompagnement-des-communaute\u0301s.pdf\" target=\"_blank\">re<\/a><\/li><li>Tips for community coordinators &#8211; <a rel=\"noreferrer noopener\" aria-label=\"here (s\u2019ouvre dans un nouvel onglet)\" href=\"https:\/\/www.lesfoyersdecharite.com\/custom\/uploads\/2020\/05\/5-EN-Tips-for-community-coordinators-.pdf\" target=\"_blank\">here<\/a><\/li><li>Contact forms &#8211;<a rel=\"noreferrer noopener\" aria-label=\" (s\u2019ouvre dans un nouvel onglet)\" href=\"https:\/\/www.lesfoyersdecharite.com\/custom\/uploads\/2020\/05\/6-FR-Contact-formsFDC.pdf\" target=\"_blank\"> here<\/a><\/li><li>Actions to be taken in case of abuse <a rel=\"noreferrer noopener\" aria-label=\"- here (s\u2019ouvre dans un nouvel onglet)\" href=\"https:\/\/www.lesfoyersdecharite.com\/custom\/uploads\/2020\/05\/7-FR-Actions-to-be-taken.pdf\" target=\"_blank\">&#8211; here<\/a><\/li><\/ul>\n\n\n\n<h2 class=\"wp-block-heading\">Espagnol<\/h2>\n\n\n\n<ul class=\"wp-block-list\"><li>Comunicado de prensa &#8211;<a rel=\"noreferrer noopener\" aria-label=\" aqui  (s\u2019ouvre dans un nouvel onglet)\" href=\"https:\/\/www.lesfoyersdecharite.com\/custom\/uploads\/2020\/05\/1-ES-Communique\u0301-7-05-2020.pdf\" target=\"_blank\"> aqui <\/a><\/li><li>Comunicaci\u00f3n de las\u00a0 conclusiones de la comisi\u00f3n de b\u00fasqueda &#8211; <a rel=\"noreferrer noopener\" href=\"https:\/\/www.lesfoyersdecharite.com\/custom\/uploads\/2020\/05\/2-ES-Synthe%CC%80se-rapport-commission-FDC.pdf\" target=\"_blank\">aqui<\/a><\/li><li>Mensaje del padre Mo\u00efse Ndione  &#8211; <a rel=\"noreferrer noopener\" href=\"https:\/\/youtu.be\/JoqyXofgJMc\" target=\"_blank\">aqui<\/a> <\/li><li>Propuesta de modalidades de acompa\u00f1amiento a las comunidades &#8211; <a rel=\"noreferrer noopener\" aria-label=\"aqui (s\u2019ouvre dans un nouvel onglet)\" href=\"https:\/\/www.lesfoyersdecharite.com\/custom\/uploads\/2020\/05\/4-ES-Propuesta-de-modalidades-de-acompan\u0303amiento-a-las-comunidades-.pdf\" target=\"_blank\">aqui<\/a><\/li><li>Consejos para los responsables de las comunidades &#8211; <a rel=\"noreferrer noopener\" aria-label=\"aqui (s\u2019ouvre dans un nouvel onglet)\" href=\"https:\/\/www.lesfoyersdecharite.com\/custom\/uploads\/2020\/05\/5-ES-Consejos-para-los-responsables-de-las-comunidades.pdf\" target=\"_blank\">aqui<\/a><\/li><li>Ficha de contactos &#8211; <a rel=\"noreferrer noopener\" aria-label=\"aqui (s\u2019ouvre dans un nouvel onglet)\" href=\"https:\/\/www.lesfoyersdecharite.com\/custom\/uploads\/2020\/05\/6-ES-Ficha-de-contactos.pdf\" target=\"_blank\">aqui<\/a><\/li><li>Acciones de la Responsables <a href=\"https:\/\/www.lesfoyersdecharite.com\/custom\/uploads\/2020\/05\/7-ES-Acciones-de-la-Responsables.pdf\" target=\"_blank\" rel=\"noreferrer noopener\" aria-label=\"- aqui (s\u2019ouvre dans un nouvel onglet)\">&#8211; aqui<\/a><\/li><\/ul>\n\n\n\n<h2 class=\"wp-block-heading\">Vietnamien<\/h2>\n\n\n\n<ul class=\"wp-block-list\"><li>T\u1ed5ng h\u1ee3p B\u00e1o c\u00e1o c\u1ee7a H\u1ed9i \u0111\u1ed3ng nghi\u00ean c\u1ee9u &#8211; <a href=\"https:\/\/www.lesfoyersdecharite.com\/custom\/uploads\/2020\/05\/2-VIE-Synthe\u0300se_rapport-commission.pdf\" target=\"_blank\" rel=\"noreferrer noopener\" aria-label=\" (s\u2019ouvre dans un nouvel onglet)\">here<\/a><\/li><\/ul>\n\n\n\n<p><\/p>\n","protected":false},"excerpt":{"rendered":"<p>Fran\u00e7ais Communiqu\u00e9 de presse &#8211; ici Synth\u00e8se du rapport de la Commission de recherches &#8211; ici Message VIDEO du p\u00e8re Mo\u00efse Ndione &#8211; ici Proposition d&#8217;accompagnement des communaut\u00e9s &#8211; ici Conseils pour les responsables de communaute\u0301 &#8211; ici Fiche contacts utiles &#8211; ici Fiche d\u00e9marches en cas d&#8217;abus &#8211; ici Anglais Press release &#8211; here [&hellip;]<\/p>\n","protected":false},"author":1,"featured_media":0,"parent":0,"menu_order":0,"comment_status":"closed","ping_status":"closed","template":"","meta":{"_acf_changed":false,"footnotes":""},"class_list":["post-236945","page","type-page","status-publish","hentry"],"acf":[],"_links":{"self":[{"href":"https:\/\/www.lesfoyersdecharite.com\/en\/wp-json\/wp\/v2\/pages\/236945","targetHints":{"allow":["GET"]}}],"collection":[{"href":"https:\/\/www.lesfoyersdecharite.com\/en\/wp-json\/wp\/v2\/pages"}],"about":[{"href":"https:\/\/www.lesfoyersdecharite.com\/en\/wp-json\/wp\/v2\/types\/page"}],"author":[{"embeddable":true,"href":"https:\/\/www.lesfoyersdecharite.com\/en\/wp-json\/wp\/v2\/users\/1"}],"replies":[{"embeddable":true,"href":"https:\/\/www.lesfoyersdecharite.com\/en\/wp-json\/wp\/v2\/comments?post=236945"}],"version-history":[{"count":40,"href":"https:\/\/www.lesfoyersdecharite.com\/en\/wp-json\/wp\/v2\/pages\/236945\/revisions"}],"predecessor-version":[{"id":237248,"href":"https:\/\/www.lesfoyersdecharite.com\/en\/wp-json\/wp\/v2\/pages\/236945\/revisions\/237248"}],"wp:attachment":[{"href":"https:\/\/www.lesfoyersdecharite.com\/en\/wp-json\/wp\/v2\/media?parent=236945"}],"curies":[{"name":"wp","href":"https:\/\/api.w.org\/{rel}","templated":true}]}}