{"id":143884,"date":"2019-09-30T11:00:22","date_gmt":"2019-09-30T09:00:22","guid":{"rendered":"https:\/\/www.lesfoyersdecharite.com\/?page_id=143884"},"modified":"2019-10-09T16:44:42","modified_gmt":"2019-10-09T14:44:42","slug":"impuesto-de-solidaridad-sobre-la-fortuna","status":"publish","type":"page","link":"https:\/\/www.lesfoyersdecharite.com\/es\/apoyarnos\/impuesto-de-solidaridad-sobre-la-fortuna\/","title":{"rendered":"Impuesto de solidaridad sobre la fortuna (ISF)"},"content":{"rendered":"\n<h2 class=\"wp-block-heading\">\u00a1Dele un sentido a su impuesto de solidaridad sobre la fortuna (ISF)!<\/h2>\n\n\n\n<p>La Fundaci\u00f3n \u00ab<a href=\"\/es\/fundacion-de-interes-publico\/\">Le Foyer de Charit\u00e9<\/a>\u00bb  est\u00e1 habilitada para recibir donativos deducibles de ISF a la altura  del 75% dentro de un l\u00edmite de 50.000 euros (art.\u00a0885-0 V bis A del  C\u00f3digo General de Impuestos franc\u00e9s). La Fundaci\u00f3n da un recibo fiscal a  cambio de todo donativo recibido. <\/p>\n\n\n\n<p>Al apoyar a los Foyers de Charit\u00e9 mediante su ISF, usted nos permite  seguir haciendo influir a los Foyers de luz, de caridad y de amor, en  Francia y en otros pa\u00edses.<\/p>\n\n\n\n<div class=\"wp-block-button is-style-squared\"><a class=\"wp-block-button__link has-background has-luminous-vivid-orange-background-color\" href=\"\/es\/je-donne\/\">Haga un deducible de donaci\u00f3n en l\u00ednea<\/a><\/div>\n\n\n\n<p>Usted puede tambi\u00e9n remitir sus donativos de ISF por cheque a la \norden de \u00abFondation Le Foyer de Charit\u00e9\u00bb, a la direcci\u00f3n siguiente:<\/p>\n\n\n\n<p><strong>Fondation \u00ab&nbsp;Le Foyer de Charit\u00e9&nbsp;\u00bb<\/strong><br> 85, rue Geoffroy de Moirans<br> 26330 CH\u00c2TEAUNEUF-DE-GALAURE \u2013 FRANCIA<\/p>\n","protected":false},"excerpt":{"rendered":"<p>\u00a1Dele un sentido a su impuesto de solidaridad sobre la fortuna (ISF)! La Fundaci\u00f3n \u00abLe Foyer de Charit\u00e9\u00bb est\u00e1 habilitada para recibir donativos deducibles de ISF a la altura del 75% dentro de un l\u00edmite de 50.000 euros (art.\u00a0885-0 V bis A del C\u00f3digo General de Impuestos franc\u00e9s). La Fundaci\u00f3n da un recibo fiscal a [&hellip;]<\/p>\n","protected":false},"author":1,"featured_media":143856,"parent":41435,"menu_order":0,"comment_status":"closed","ping_status":"closed","template":"","meta":{"_acf_changed":false,"footnotes":""},"class_list":["post-143884","page","type-page","status-publish","has-post-thumbnail","hentry"],"acf":[],"_links":{"self":[{"href":"https:\/\/www.lesfoyersdecharite.com\/es\/wp-json\/wp\/v2\/pages\/143884","targetHints":{"allow":["GET"]}}],"collection":[{"href":"https:\/\/www.lesfoyersdecharite.com\/es\/wp-json\/wp\/v2\/pages"}],"about":[{"href":"https:\/\/www.lesfoyersdecharite.com\/es\/wp-json\/wp\/v2\/types\/page"}],"author":[{"embeddable":true,"href":"https:\/\/www.lesfoyersdecharite.com\/es\/wp-json\/wp\/v2\/users\/1"}],"replies":[{"embeddable":true,"href":"https:\/\/www.lesfoyersdecharite.com\/es\/wp-json\/wp\/v2\/comments?post=143884"}],"version-history":[{"count":4,"href":"https:\/\/www.lesfoyersdecharite.com\/es\/wp-json\/wp\/v2\/pages\/143884\/revisions"}],"predecessor-version":[{"id":144296,"href":"https:\/\/www.lesfoyersdecharite.com\/es\/wp-json\/wp\/v2\/pages\/143884\/revisions\/144296"}],"up":[{"embeddable":true,"href":"https:\/\/www.lesfoyersdecharite.com\/es\/wp-json\/wp\/v2\/pages\/41435"}],"wp:featuredmedia":[{"embeddable":true,"href":"https:\/\/www.lesfoyersdecharite.com\/es\/wp-json\/wp\/v2\/media\/143856"}],"wp:attachment":[{"href":"https:\/\/www.lesfoyersdecharite.com\/es\/wp-json\/wp\/v2\/media?parent=143884"}],"curies":[{"name":"wp","href":"https:\/\/api.w.org\/{rel}","templated":true}]}}