{"id":143901,"date":"2019-09-30T11:03:11","date_gmt":"2019-09-30T09:03:11","guid":{"rendered":"https:\/\/www.lesfoyersdecharite.com\/?page_id=143901"},"modified":"2019-10-09T16:43:12","modified_gmt":"2019-10-09T14:43:12","slug":"legado-donacion-seguro-de-vida","status":"publish","type":"page","link":"https:\/\/www.lesfoyersdecharite.com\/es\/apoyarnos\/legado-donacion-seguro-de-vida\/","title":{"rendered":"Legado &#8211; Donaci\u00f3n &#8211; Seguro de vida"},"content":{"rendered":"\n<p><strong>La Fundaci\u00f3n<\/strong> \u00ab <strong><a href=\"\/es\/fundacion-de-interes-publico\/\">Le Foyer de Charit\u00e9<\/a><\/strong> \u00bb\u00a0est\u00e1  habilitada para recibir donaciones, legados y primas de seguro de vida  con exoneraci\u00f3n total de los derechos de sucesi\u00f3n. Da recibos fiscales.  Nos comprometemos a que su generosidad sirva proyectos concretos de los  Foyers de Charit\u00e9 para que \u00e9stos sigan influyendo en Francia y por el  mundo. <\/p>\n\n\n\n<div class=\"wp-block-button is-style-squared\"><a class=\"wp-block-button__link has-background\" href=\"\/custom\/uploads\/2019\/09\/Brochure-legs-FDC.pdf\" style=\"background-color:#f19a0c\">Descargue el folleto de legado y donaci\u00f3n (fr) <\/a><\/div>\n\n\n\n<h2 class=\"wp-block-heading\">\u00bfC\u00f3mo hacer un legado?<\/h2>\n\n\n\n<p>Mediante un legado, usted puede decidir transmitirles a los Foyers de\n Charit\u00e9 la totalidad o parte de sus bienes muebles y\/o inmuebles, en el\n momento de su fallecimiento. S\u00f3lo la parte de libre disposici\u00f3n de su \npatrimonio puede ser objeto de un legado.<\/p>\n\n\n\n<p>Usted debe redactar un testamento que mencione precisamente el objeto\n de su legado y que cite a la Fundaci\u00f3n \u00abLe Foyer de Charit\u00e9\u00bb como \nbeneficiario. Ese testamento se puede hacer ante un notario o no.<\/p>\n\n\n\n<p>La Fundaci\u00f3n Le Foyer de Charit\u00e9 puede recibir:<\/p>\n\n\n\n<ul class=\"wp-block-list\"><li><strong>legados universales<\/strong> (legado de la totalidad de sus bienes);<\/li><li><strong>legados a t\u00edtulo universal<\/strong> (legado de un porcentaje del patrimonio);<\/li><li><strong>legados particulares<\/strong> (legado de bienes concretos e identificables).<\/li><\/ul>\n\n\n\n<h2 class=\"wp-block-heading\">\u00bfC\u00f3mo hacer una donaci\u00f3n?<\/h2>\n\n\n\n<p>Mediante una donaci\u00f3n, usted puede decide dar inmediatamente, durante\n su vida, la totalidad o parte de sus bienes muebles y\/o inmuebles. El \nacto se hace ante notario. S\u00f3lo la parte de libre disposici\u00f3n de su \npatrimonio puede ser objeto de una donaci\u00f3n.<\/p>\n\n\n\n<p>La Fundaci\u00f3n Le Foyer de Charit\u00e9 puede recibir:<\/p>\n\n\n\n<ul class=\"wp-block-list\"><li><strong>donaciones en plena propiedad<\/strong>, definitivas, exclusivas y absolutas;<\/li><li><strong>donaciones de nuda propiedad<\/strong>, que le dejan (a usted o a otra persona) el uso del bien hasta el final de su vida;<\/li><li><strong>donaciones de usufructo temporal<\/strong>, que les atribuyen a los Foyers, el  disfrute del bien durante un per\u00edodo temporal (3 a\u00f1os como m\u00ednimo).  Otra arma activable para reducir el ISF.<\/li><\/ul>\n\n\n\n<h2 class=\"wp-block-heading\">\u00bfC\u00f3mo nombrar a los Foyers de Charit\u00e9 como beneficiarios de un seguro de vida?<\/h2>\n\n\n\n<p>Para  transmitir la totalidad o parte del saldo de su contrato de seguro de  vida a los Foyers de Charit\u00e9 en el momento de su fallecimiento, usted  puede nombrar a la Fundaci\u00f3n \u00ab <strong><a href=\"\/es\/fundacion-de-interes-publico\/\">Le Foyer de Charit\u00e9<\/a><\/strong><a href=\"\/es\/fundacion-de-interes-publico\/\"> <\/a>\u00bb como beneficiario en la cl\u00e1usula \u00abbeneficiarios\u00bb. <\/p>\n\n\n\n<p>Esa disposici\u00f3n la puede indicar usted a su asegurador al abrir el \ncontrato o durante toda la vida de \u00e9ste. Como persona jur\u00eddica, la \nFundaci\u00f3n \u00abLe Foyer de Charit\u00e9\u00bb no pagar\u00e1 ning\u00fan derecho de sucesi\u00f3n \nsobre la prima recibida.<\/p>\n\n\n\n<h2 class=\"wp-block-heading\">\u00bfA qui\u00e9n contactar en los Foyers de Charit\u00e9?<\/h2>\n\n\n\n<p>No dude en ponerse en contacto con nuestro consejero Marc Lesbre, el director administrativo y financiero de la Fundaci\u00f3n. Le responder\u00e1 en total discreci\u00f3n:<\/p>\n\n\n\n<p>Fondation \u00ab&nbsp;Le Foyer de Charit\u00e9&nbsp;\u00bb<br>\n85, rue Geoffroy de Moirans<br>\n26330 CHATEAUNEUF DE GALAURE \u2013 FRANCIA<\/p>\n\n\n\n<p>mar&#99;&#46;&#108;&#x65;&#x73;&#x62;&#x72;&#x65;&#x40;l-f&#100;&#99;&#46;&#111;&#x72;&#x67;<\/p>\n\n\n\n<p>Tfno: +33 (0) 4 75 68 79 00<\/p>\n","protected":false},"excerpt":{"rendered":"<p>La Fundaci\u00f3n \u00ab Le Foyer de Charit\u00e9 \u00bb\u00a0est\u00e1 habilitada para recibir donaciones, legados y primas de seguro de vida con exoneraci\u00f3n total de los derechos de sucesi\u00f3n. Da recibos fiscales. Nos comprometemos a que su generosidad sirva proyectos concretos de los Foyers de Charit\u00e9 para que \u00e9stos sigan influyendo en Francia y por el mundo. [&hellip;]<\/p>\n","protected":false},"author":1,"featured_media":143856,"parent":41435,"menu_order":0,"comment_status":"closed","ping_status":"closed","template":"","meta":{"_acf_changed":false,"footnotes":""},"class_list":["post-143901","page","type-page","status-publish","has-post-thumbnail","hentry"],"acf":[],"_links":{"self":[{"href":"https:\/\/www.lesfoyersdecharite.com\/es\/wp-json\/wp\/v2\/pages\/143901","targetHints":{"allow":["GET"]}}],"collection":[{"href":"https:\/\/www.lesfoyersdecharite.com\/es\/wp-json\/wp\/v2\/pages"}],"about":[{"href":"https:\/\/www.lesfoyersdecharite.com\/es\/wp-json\/wp\/v2\/types\/page"}],"author":[{"embeddable":true,"href":"https:\/\/www.lesfoyersdecharite.com\/es\/wp-json\/wp\/v2\/users\/1"}],"replies":[{"embeddable":true,"href":"https:\/\/www.lesfoyersdecharite.com\/es\/wp-json\/wp\/v2\/comments?post=143901"}],"version-history":[{"count":7,"href":"https:\/\/www.lesfoyersdecharite.com\/es\/wp-json\/wp\/v2\/pages\/143901\/revisions"}],"predecessor-version":[{"id":144295,"href":"https:\/\/www.lesfoyersdecharite.com\/es\/wp-json\/wp\/v2\/pages\/143901\/revisions\/144295"}],"up":[{"embeddable":true,"href":"https:\/\/www.lesfoyersdecharite.com\/es\/wp-json\/wp\/v2\/pages\/41435"}],"wp:featuredmedia":[{"embeddable":true,"href":"https:\/\/www.lesfoyersdecharite.com\/es\/wp-json\/wp\/v2\/media\/143856"}],"wp:attachment":[{"href":"https:\/\/www.lesfoyersdecharite.com\/es\/wp-json\/wp\/v2\/media?parent=143901"}],"curies":[{"name":"wp","href":"https:\/\/api.w.org\/{rel}","templated":true}]}}