{"id":143974,"date":"2019-09-30T13:09:37","date_gmt":"2019-09-30T11:09:37","guid":{"rendered":"https:\/\/www.lesfoyersdecharite.com\/?page_id=143974"},"modified":"2019-09-30T13:11:27","modified_gmt":"2019-09-30T11:11:27","slug":"un-ano-para-dios","status":"publish","type":"page","link":"https:\/\/www.lesfoyersdecharite.com\/es\/apoyarnos\/un-ano-para-dios\/","title":{"rendered":"Un a\u00f1o para Dios"},"content":{"rendered":"\n<h2 class=\"wp-block-heading\">Varios Foyers de Charit\u00e9 acogen j\u00f3venes deseosos de dedicarle un a\u00f1o a Dios.<\/h2>\n\n\n\n<p>Esos j\u00f3venes son de ayuda misionera respecto a los adultos, a los j\u00f3venes y a los alumnos acogidos en el Foyer de Charit\u00e9.\n<\/p>\n\n\n\n<p>Si usted tiene entre 18 y 30 a\u00f1os y desea ofrecerle un a\u00f1o a Dios \nviviendo en el seno de una comunidad, los Foyers de Charit\u00e9 le proponen \nuna experiencia humana fuerte que auna:<\/p>\n\n\n\n<ul class=\"wp-block-list\"><li>una s\u00f3lida formaci\u00f3n intelectual, que da referencias antropol\u00f3gicas, teol\u00f3gicas y \u00e9ticas (clases);<\/li><li>una profundizaci\u00f3n de la vida espiritual para arraigar su fe en Dios;<\/li><li>un servicio misionero que lleva al testimonio;<\/li><li>una reflexi\u00f3n personal para hacer balance de su vida y construir su proyecto de futuro.<\/li><\/ul>\n\n\n\n<p><strong>Para saber m\u00e1s<\/strong>, consulte la p\u00e1gina Web \u00ab<a href=\"http:\/\/www.annee-pour-dieu.fr\/\">Une ann\u00e9e pour Dieu<\/a>\u00bb.<\/p>\n\n\n\n<p><strong>Sus contactos<\/strong> para intercambiar sobre ese proyecto:<\/p>\n\n\n\n<ul class=\"wp-block-list\"><li><strong>Marie-Anne Bernet<\/strong><br>\n<a href=\"&#109;&#x61;&#105;&#x6c;&#116;&#x6f;:&#x61;n&#x6e;e&#101;&#x70;&#111;&#x75;&#114;&#x64;&#105;&#x65;u&#x40;g&#x6d;a&#105;&#x6c;&#46;&#x63;&#111;&#x6d;\">&#97;&#110;&#x6e;e&#101;&#x70;&#x6f;u&#114;&#x64;&#x69;e&#117;&#x40;&#x67;m&#97;&#x69;&#x6c;&#46;&#99;&#x6f;&#x6d;<\/a><br>\nTfno: +33 3 21 91 62 52<\/li><\/ul>\n\n\n\n<p><strong>Foyer de Charit\u00e9 de Courset<\/strong><br>\nBP 105<br>\n62240 Courset \u2013 FRANCIA<\/p>\n\n\n\n<ul class=\"wp-block-list\"><li><strong>S\u00e9gol\u00e8ne Lerebours<\/strong><br>\n<strong><a href=\"&#109;&#x61;i&#108;&#x74;&#111;&#x3a;a&#110;&#x6e;e&#x65;&#x70;&#111;&#x75;r&#100;&#x69;e&#x75;&#x63;&#104;&#x61;t&#101;&#x61;&#117;&#x6e;e&#117;&#x66;&#64;&#103;&#x6d;&#97;&#x69;l&#46;&#x63;o&#x6d;\">&#97;&#x6e;&#110;&#x65;e&#112;&#x6f;&#117;&#x72;d&#x69;e&#117;&#x63;&#104;&#x61;t&#x65;&#x61;&#117;&#x6e;e&#x75;f&#64;&#x67;&#109;&#x61;i&#x6c;&#46;&#99;&#x6f;&#109;<\/a><\/strong><br>\nTfno: +33 4 75 68 79 00<\/li><\/ul>\n\n\n\n<p><strong>Foyer de Charit\u00e9 (Ann\u00e9e pour Dieu)<\/strong><br>\n85 rue Geoffroy de Moirans<br>\n26 330 Ch\u00e2teauneuf de Galaure \u2013 FRANCIA<\/p>\n","protected":false},"excerpt":{"rendered":"<p>Varios Foyers de Charit\u00e9 acogen j\u00f3venes deseosos de dedicarle un a\u00f1o a Dios. Esos j\u00f3venes son de ayuda misionera respecto a los adultos, a los j\u00f3venes y a los alumnos acogidos en el Foyer de Charit\u00e9. Si usted tiene entre 18 y 30 a\u00f1os y desea ofrecerle un a\u00f1o a Dios viviendo en el seno [&hellip;]<\/p>\n","protected":false},"author":1,"featured_media":143856,"parent":41435,"menu_order":0,"comment_status":"closed","ping_status":"closed","template":"","meta":{"_acf_changed":false,"footnotes":""},"class_list":["post-143974","page","type-page","status-publish","has-post-thumbnail","hentry"],"acf":[],"_links":{"self":[{"href":"https:\/\/www.lesfoyersdecharite.com\/es\/wp-json\/wp\/v2\/pages\/143974","targetHints":{"allow":["GET"]}}],"collection":[{"href":"https:\/\/www.lesfoyersdecharite.com\/es\/wp-json\/wp\/v2\/pages"}],"about":[{"href":"https:\/\/www.lesfoyersdecharite.com\/es\/wp-json\/wp\/v2\/types\/page"}],"author":[{"embeddable":true,"href":"https:\/\/www.lesfoyersdecharite.com\/es\/wp-json\/wp\/v2\/users\/1"}],"replies":[{"embeddable":true,"href":"https:\/\/www.lesfoyersdecharite.com\/es\/wp-json\/wp\/v2\/comments?post=143974"}],"version-history":[{"count":2,"href":"https:\/\/www.lesfoyersdecharite.com\/es\/wp-json\/wp\/v2\/pages\/143974\/revisions"}],"predecessor-version":[{"id":143978,"href":"https:\/\/www.lesfoyersdecharite.com\/es\/wp-json\/wp\/v2\/pages\/143974\/revisions\/143978"}],"up":[{"embeddable":true,"href":"https:\/\/www.lesfoyersdecharite.com\/es\/wp-json\/wp\/v2\/pages\/41435"}],"wp:featuredmedia":[{"embeddable":true,"href":"https:\/\/www.lesfoyersdecharite.com\/es\/wp-json\/wp\/v2\/media\/143856"}],"wp:attachment":[{"href":"https:\/\/www.lesfoyersdecharite.com\/es\/wp-json\/wp\/v2\/media?parent=143974"}],"curies":[{"name":"wp","href":"https:\/\/api.w.org\/{rel}","templated":true}]}}