{"id":144223,"date":"2019-10-09T11:58:57","date_gmt":"2019-10-09T09:58:57","guid":{"rendered":"https:\/\/www.lesfoyersdecharite.com\/?page_id=144223"},"modified":"2025-03-14T12:52:15","modified_gmt":"2025-03-14T11:52:15","slug":"marthe-robin-et-le-pere-georges-finet","status":"publish","type":"page","link":"https:\/\/www.lesfoyersdecharite.com\/es\/los-foyers-de-charite\/marthe-robin-et-le-pere-georges-finet\/","title":{"rendered":"Marthe Robin et le P\u00e8re Georges Finet"},"content":{"rendered":"\r\n<h2 class=\"wp-block-heading\">Los Foyers de Charit\u00e9 nacieron en 1936 del encuentro entre\u00a0<a href=\"http:\/\/www.martherobin.com\/\">Marthe Robin<\/a>\u00a0(1902-1981) y un presb\u00edtero de la di\u00f3cesis de Lyon, el Padre Jorge Finet (1898-1990).<\/h2>\r\n\r\n<figure class=\"wp-block-image\"><img loading=\"lazy\" decoding=\"async\" class=\"alignleft wp-image-144198 size-medium\" src=\"https:\/\/www.lesfoyersdecharite.com\/custom\/uploads\/2019\/10\/Marthe-Robin-225x300.jpg\" sizes=\"auto, (max-width: 225px) 100vw, 225px\" srcset=\"https:\/\/www.lesfoyersdecharite.com\/custom\/uploads\/2019\/10\/Marthe-Robin-225x300.jpg 225w, https:\/\/www.lesfoyersdecharite.com\/custom\/uploads\/2019\/10\/Marthe-Robin.jpg 460w\" alt=\"\" width=\"225\" height=\"300\" \/><\/figure>\r\n<p>Enferma desde la edad de 16 a\u00f1os, Marta guarda cama en su casa de Ch\u00e2teauneuf-de-Galaure, un pueblecito del departamento de Dr\u00f4me. Ella atraviesa la enfermedad en una intensa uni\u00f3n m\u00edstica con Dios, abandonada en Mar\u00eda.\u00a0Su uni\u00f3n interior con Jes\u00fas es tal que vive, cada viernes, los sufrimientos de la Pasi\u00f3n de Cristo.<\/p>\r\n<p>Pronto, recibe de Dios, la inspiraci\u00f3n para abrir \u00ab\u00a0<strong>Foyers de Luz, de Caridad, de Amor<\/strong>\u00a0\u00bb para contribuir a la renovaci\u00f3n de la Iglesia y a la evangelizaci\u00f3n del mundo.<\/p>\r\n\r\n<div class=\"wp-block-spacer\" style=\"height: 100px;\" aria-hidden=\"true\">\u00a0<\/div>\r\n\r\n\r\n\r\n<blockquote class=\"wp-block-quote is-layout-flow wp-block-quote-is-layout-flow\">\r\n<p>Tengo una petici\u00f3n de Dios: es usted quien debe venir a Ch\u00e2teauneuf para encontrar el primer Foyer de Charit\u00e9.<\/p>\r\n<cite> <strong>Marta se dirige al Padre Finet<\/strong> <\/cite><\/blockquote>\r\n\r\n\r\n\r\n<p>El 10 de febrero de 1936, el Padre Finet encuentra a esa muchacha radiante a pesar de la enfermedad. Marta le habla del proyecto que Dios le ha confiado. Ella le pide, de parte de Dios, que funde el primer Foyer de Charit\u00e9 en Ch\u00e2teauneuf-de-Galaure y que all\u00ed predique retiros de 5 d\u00edas en silencio. Desconcertado al principio, el Padre Finet acepta. El primer retiro se desarrolla en septiembre de 1936 en la escuela de ni\u00f1as de Ch\u00e2teauneuf-de-Galaure. Algunos meses m\u00e1s tarde, el Padre Finet obtiene la autorizaci\u00f3n de su obispo, de trabajar a tiempo completo por su misi\u00f3n en Ch\u00e2teauneuf.<\/p>\r\n\r\n\r\n\r\n\r\n\r\n<h2 class=\"wp-block-heading\">La vida espiritual fecunda de Marta Robin<\/h2>\r\n\r\n\r\n\r\n<p>Marta tuvo una influencia excepcional, al recibir uno por uno a millares de visitantes en su cuarto peque\u00f1o de Ch\u00e2teauneuf-de-Galaure. All\u00ed vivi\u00f3 en un silencio interior cada vez m\u00e1s profundo, totalmente entregada a la voluntad y al amor misericordioso de Dios.\u00a0 All\u00ed intercedi\u00f3 por cada uno, en particular por los sacerdotes. Hasta el final de su vida, apoy\u00f3 los esfuerzos emprendidos para que se reconociera a los Foyers de Charit\u00e9 como comunidad de laicos, lo que se cumpli\u00f3 en 1986. A la hora de su muerte, en 1981, 52 Foyers de Charit\u00e9 hab\u00edan sido creados.<\/p>\r\n\r\n\r\n\r\n<p>Marta vivi\u00f3 la santidad a su manera, sencilla y humilde. Fue tras ella como se han comprometido los miembros de los Foyers de Charit\u00e9, sacerdotes y laicos, as\u00ed como todos los que han recibido su llamamiento a obrar por la renovaci\u00f3n de la Iglesia.<\/p>\r\n","protected":false},"excerpt":{"rendered":"<p>Los Foyers de Charit\u00e9 nacieron en 1936 del encuentro entre\u00a0Marthe Robin\u00a0(1902-1981) y un presb\u00edtero de la di\u00f3cesis de Lyon, el Padre Jorge Finet (1898-1990). Enferma desde la edad de 16 a\u00f1os, Marta guarda cama en su casa de Ch\u00e2teauneuf-de-Galaure, un pueblecito del departamento de Dr\u00f4me. Ella atraviesa la enfermedad en una intensa uni\u00f3n m\u00edstica con [&hellip;]<\/p>\n","protected":false},"author":1,"featured_media":144194,"parent":41303,"menu_order":0,"comment_status":"closed","ping_status":"closed","template":"","meta":{"_acf_changed":false,"footnotes":""},"class_list":["post-144223","page","type-page","status-publish","has-post-thumbnail","hentry"],"acf":[],"_links":{"self":[{"href":"https:\/\/www.lesfoyersdecharite.com\/es\/wp-json\/wp\/v2\/pages\/144223","targetHints":{"allow":["GET"]}}],"collection":[{"href":"https:\/\/www.lesfoyersdecharite.com\/es\/wp-json\/wp\/v2\/pages"}],"about":[{"href":"https:\/\/www.lesfoyersdecharite.com\/es\/wp-json\/wp\/v2\/types\/page"}],"author":[{"embeddable":true,"href":"https:\/\/www.lesfoyersdecharite.com\/es\/wp-json\/wp\/v2\/users\/1"}],"replies":[{"embeddable":true,"href":"https:\/\/www.lesfoyersdecharite.com\/es\/wp-json\/wp\/v2\/comments?post=144223"}],"version-history":[{"count":4,"href":"https:\/\/www.lesfoyersdecharite.com\/es\/wp-json\/wp\/v2\/pages\/144223\/revisions"}],"predecessor-version":[{"id":261146,"href":"https:\/\/www.lesfoyersdecharite.com\/es\/wp-json\/wp\/v2\/pages\/144223\/revisions\/261146"}],"up":[{"embeddable":true,"href":"https:\/\/www.lesfoyersdecharite.com\/es\/wp-json\/wp\/v2\/pages\/41303"}],"wp:featuredmedia":[{"embeddable":true,"href":"https:\/\/www.lesfoyersdecharite.com\/es\/wp-json\/wp\/v2\/media\/144194"}],"wp:attachment":[{"href":"https:\/\/www.lesfoyersdecharite.com\/es\/wp-json\/wp\/v2\/media?parent=144223"}],"curies":[{"name":"wp","href":"https:\/\/api.w.org\/{rel}","templated":true}]}}