{"id":237192,"date":"2020-05-07T11:20:34","date_gmt":"2020-05-07T09:20:34","guid":{"rendered":"https:\/\/www.lesfoyersdecharite.com\/?page_id=237192"},"modified":"2020-05-07T11:20:35","modified_gmt":"2020-05-07T09:20:35","slug":"comision-de-busqueda-independiente-y-pluridisciplinaria-sobre-el-padre-finet","status":"publish","type":"page","link":"https:\/\/www.lesfoyersdecharite.com\/es\/comision-de-busqueda-independiente-y-pluridisciplinaria-sobre-el-padre-finet\/","title":{"rendered":"Comisi\u00f3n de b\u00fasqueda independiente y pluridisciplinaria sobre el padre Finet"},"content":{"rendered":"\n<p>Esta p\u00e1gina de nuestro sitio web se dedica a las conclusiones de la comisi\u00f3n de b\u00fasqueda independiente y pluridisciplinaria constituida en septiembre de 2019 para:<\/p>\n\n\n\n<ul class=\"wp-block-list\"><li>establecer la verdad\nsobre los hechos reprochados al padre Jorge Finet; <\/li><li>evaluar las medidas\nadoptadas por los Foyers de Charit\u00e9 contra los abusos sexuales y de conciencia;\n<\/li><li>aportar todas las\npreconizaciones \u00fatiles.<\/li><\/ul>\n\n\n\n<p><strong>Consultar el comunicado de prensa de los Foyers de Charit\u00e9 <\/strong>(7 de mayo de 2020)<\/p>\n\n\n\n<ul class=\"wp-block-list\"><li><a rel=\"noreferrer noopener\" aria-label=\"En fran\u00e7ais (s\u2019ouvre dans un nouvel onglet)\" href=\"https:\/\/www.lesfoyersdecharite.com\/custom\/uploads\/2020\/05\/1-FR-Communique\u0301-7-05-2020.pdf\" target=\"_blank\">En franc\u00e9s<\/a><\/li><li><a href=\"https:\/\/www.lesfoyersdecharite.com\/custom\/uploads\/2020\/05\/1-EN-Communique\u0301-7-05-2020.pdf\" target=\"_blank\" rel=\"noreferrer noopener\" aria-label=\"En ingl\u00e9s (s\u2019ouvre dans un nouvel onglet)\">En ingl\u00e9s<\/a><\/li><li><a href=\"https:\/\/www.lesfoyersdecharite.com\/custom\/uploads\/2020\/05\/1-ES-Communique\u0301-7-05-2020.pdf\" target=\"_blank\" rel=\"noreferrer noopener\" aria-label=\"En espa\u00f1ol (s\u2019ouvre dans un nouvel onglet)\">En espa\u00f1ol<\/a><\/li><\/ul>\n\n\n\n<p><strong>Consultar la s\u00edntesis del informe de la Comisi\u00f3n de b\u00fasqueda<\/strong><\/p>\n\n\n\n<ul class=\"wp-block-list\"><li><a href=\"https:\/\/www.lesfoyersdecharite.com\/custom\/uploads\/2020\/05\/2-FR-Synthe\u0300se-rapport-commission-FDC.pdf\" target=\"_blank\" rel=\"noreferrer noopener\" aria-label=\"En fran\u00e7ais (s\u2019ouvre dans un nouvel onglet)\">En franc\u00e9s<\/a><\/li><li><a href=\"https:\/\/www.lesfoyersdecharite.com\/custom\/uploads\/2020\/05\/2-EN-Summary-Research-commission-on-Fr-Georges-Finet-FDC.pdf\" target=\"_blank\" rel=\"noreferrer noopener\" aria-label=\"En anglais (s\u2019ouvre dans un nouvel onglet)\">En ingl\u00e9s<\/a><\/li><li><a href=\"https:\/\/www.lesfoyersdecharite.com\/custom\/uploads\/2020\/05\/2-ES-Synthe\u0300se-rapport-commission-FDC.pdf\" target=\"_blank\" rel=\"noreferrer noopener\" aria-label=\" (s\u2019ouvre dans un nouvel onglet)\">En espa\u00f1ol<\/a><\/li><\/ul>\n\n\n\n<p><strong>La Obra de los Foyers de Charit\u00e9 reafirma su compromiso de promover la lucha contra todo tipo de abuso en sus comunidades y en las escuelas que est\u00e1n a su cargo.<\/strong><\/p>\n\n\n\n<p>Invita a toda persona que lo desee a<\/p>\n\n\n\n<ul><li><strong>Ponerse en contacto con la unidad de lucha de los Foyers de Charit\u00e9 <\/strong> para dar testimonio o denunciar todo abuso en el seno de los Foyers <a href=\"&#x6d;&#97;i&#x6c;&#x74;&#111;:&#x70;&#x61;&#114;o&#x6c;&#x65;&#100;e&#x76;&#x69;&#99;t&#x69;&#109;&#101;&#64;&#x6c;&#101;s&#x66;&#x6f;&#121;e&#x72;&#x73;&#100;e&#x63;&#x68;&#97;r&#x69;&#x74;&#101;&#46;&#x63;&#x6f;&#109;\" class=\"btn btn--primary btn--small\">enviar un correo electr\u00f3nico a la unidad<\/a><br><br> <\/li><li><strong>Hacer una pregunta<\/strong> respecto al trabajo de la Comisi\u00f3n, para que se pueda responder sea con una respuesta personal sea a\u00f1adiendo la pregunta y la respuesta a las que ya se encuentran en esta p\u00e1gina.<br><a href=\"\/es\/su-pregunta\/\" class=\"btn btn--primary btn--small\">Mandar un mensaje o una pregunta<\/a><\/li><\/ul>\n\n\n\n<div style=\"height:50px\" aria-hidden=\"true\" class=\"wp-block-spacer\"><\/div>\n\n\n\n<h2 class=\"wp-block-heading\"><strong>Las respuestas a sus preguntas<\/strong><\/h2>\n\n\n\n<p><\/p>\n","protected":false},"excerpt":{"rendered":"<p>Esta p\u00e1gina de nuestro sitio web se dedica a las conclusiones de la comisi\u00f3n de b\u00fasqueda independiente y pluridisciplinaria constituida en septiembre de 2019 para: establecer la verdad sobre los hechos reprochados al padre Jorge Finet; evaluar las medidas adoptadas por los Foyers de Charit\u00e9 contra los abusos sexuales y de conciencia; aportar todas las [&hellip;]<\/p>\n","protected":false},"author":1,"featured_media":0,"parent":0,"menu_order":0,"comment_status":"closed","ping_status":"closed","template":"tp-finet.php","meta":{"_acf_changed":false,"footnotes":""},"class_list":["post-237192","page","type-page","status-publish","hentry"],"acf":[],"_links":{"self":[{"href":"https:\/\/www.lesfoyersdecharite.com\/es\/wp-json\/wp\/v2\/pages\/237192","targetHints":{"allow":["GET"]}}],"collection":[{"href":"https:\/\/www.lesfoyersdecharite.com\/es\/wp-json\/wp\/v2\/pages"}],"about":[{"href":"https:\/\/www.lesfoyersdecharite.com\/es\/wp-json\/wp\/v2\/types\/page"}],"author":[{"embeddable":true,"href":"https:\/\/www.lesfoyersdecharite.com\/es\/wp-json\/wp\/v2\/users\/1"}],"replies":[{"embeddable":true,"href":"https:\/\/www.lesfoyersdecharite.com\/es\/wp-json\/wp\/v2\/comments?post=237192"}],"version-history":[{"count":7,"href":"https:\/\/www.lesfoyersdecharite.com\/es\/wp-json\/wp\/v2\/pages\/237192\/revisions"}],"predecessor-version":[{"id":237279,"href":"https:\/\/www.lesfoyersdecharite.com\/es\/wp-json\/wp\/v2\/pages\/237192\/revisions\/237279"}],"wp:attachment":[{"href":"https:\/\/www.lesfoyersdecharite.com\/es\/wp-json\/wp\/v2\/media?parent=237192"}],"curies":[{"name":"wp","href":"https:\/\/api.w.org\/{rel}","templated":true}]}}