{"id":237269,"date":"2020-05-07T09:03:45","date_gmt":"2020-05-07T07:03:45","guid":{"rendered":"https:\/\/www.lesfoyersdecharite.com\/?page_id=237269"},"modified":"2020-05-07T09:03:46","modified_gmt":"2020-05-07T07:03:46","slug":"su-pregunta","status":"publish","type":"page","link":"https:\/\/www.lesfoyersdecharite.com\/es\/su-pregunta\/","title":{"rendered":"Su pregunta"},"content":{"rendered":"\n\n<div class=\"wpcf7 no-js\" id=\"wpcf7-f237266-o1\" lang=\"fr-FR\" dir=\"ltr\" data-wpcf7-id=\"237266\">\n<div class=\"screen-reader-response\"><p role=\"status\" aria-live=\"polite\" aria-atomic=\"true\"><\/p> <ul><\/ul><\/div>\n<form action=\"\/es\/wp-json\/wp\/v2\/pages\/237269#wpcf7-f237266-o1\" method=\"post\" class=\"wpcf7-form init\" aria-label=\"Formulaire de contact\" novalidate=\"novalidate\" data-status=\"init\">\n<fieldset class=\"hidden-fields-container\"><input type=\"hidden\" name=\"_wpcf7\" value=\"237266\" \/><input type=\"hidden\" name=\"_wpcf7_version\" value=\"6.1.4\" \/><input type=\"hidden\" name=\"_wpcf7_locale\" value=\"fr_FR\" \/><input type=\"hidden\" name=\"_wpcf7_unit_tag\" value=\"wpcf7-f237266-o1\" \/><input type=\"hidden\" name=\"_wpcf7_container_post\" value=\"0\" \/><input type=\"hidden\" name=\"_wpcf7_posted_data_hash\" value=\"\" \/>\n<\/fieldset>\n<div class=\"form__grp\">\n\t<p class=\"form__required small\" aria-hidden=\"true\"><br \/>\n* campos obligatorios\n\t<\/p>\n<\/div>\n<div class=\"form__row\">\n\t<div class=\"form__grp\">\n\t\t<p><label for=\"prenom\" class=\"form__label\"> Primer nombre<span class=\"form__required\" aria-hidden=\"true\">*<\/span> : <\/label><span class=\"wpcf7-form-control-wrap\" data-name=\"your-prenom\"><input size=\"40\" maxlength=\"400\" class=\"wpcf7-form-control wpcf7-text wpcf7-validates-as-required\" id=\"prenom\" aria-required=\"true\" aria-invalid=\"false\" value=\"\" type=\"text\" name=\"your-prenom\" \/><\/span>\n\t\t<\/p>\n\t<\/div>\n\t<div class=\"form__grp\">\n\t\t<p><label for=\"nom\" class=\"form__label\"> Apellido<span class=\"form__required\" aria-hidden=\"true\">*<\/span> : <\/label><span class=\"wpcf7-form-control-wrap\" data-name=\"your-nom\"><input size=\"40\" maxlength=\"400\" class=\"wpcf7-form-control wpcf7-text wpcf7-validates-as-required\" id=\"nom\" aria-required=\"true\" aria-invalid=\"false\" value=\"\" type=\"text\" name=\"your-nom\" \/><\/span>\n\t\t<\/p>\n\t<\/div>\n<\/div>\n<div class=\"form__row\">\n\t<div class=\"form__grp\">\n\t\t<p><label for=\"email\" class=\"form__label\"> Email<span class=\"form__required\" aria-hidden=\"true\">*<\/span> : <\/label><span class=\"wpcf7-form-control-wrap\" data-name=\"your-email\"><input size=\"40\" maxlength=\"400\" class=\"wpcf7-form-control wpcf7-email wpcf7-validates-as-required wpcf7-text wpcf7-validates-as-email\" id=\"email\" aria-required=\"true\" aria-invalid=\"false\" value=\"\" type=\"email\" name=\"your-email\" \/><\/span>\n\t\t<\/p>\n\t<\/div>\n<\/div>\n<div class=\"form__grp\">\n\t<p><label for=\"msg\" class=\"form__label\"> Su pregunta<span class=\"form__required\" aria-hidden=\"true\">*<\/span> : <\/label><span class=\"wpcf7-form-control-wrap\" data-name=\"textarea-message\"><textarea cols=\"40\" rows=\"10\" maxlength=\"2000\" class=\"wpcf7-form-control wpcf7-textarea wpcf7-validates-as-required\" id=\"msg\" aria-required=\"true\" aria-invalid=\"false\" name=\"textarea-message\"><\/textarea><\/span>\n\t<\/p>\n<\/div>\n<div class=\"form__grp\">\n\t<div class=\"form__radiocheck\">\n\t\t<p><label for=\"rgpd\" class=\"form__label\">La informaci\u00f3n proporcionada est\u00e1 reservada para el uso exclusivo de los Foyers de Charit\u00e9 y en ning\u00fan caso se comunicar\u00e1 a terceros. Usted tiene derecho a acceder, rectificar, oponerse y eliminar los datos que le conciernen. Puede ejercer sus derechos en cualquier momento por correo electr\u00f3nico.<\/label>\n\t\t<\/p>\n\t<\/div>\n<\/div>\n<div class=\"form__grp\">\n\t<p><input class=\"wpcf7-form-control wpcf7-submit has-spinner btn btn--primary\" type=\"submit\" value=\"Enviar\" \/>\n\t<\/p>\n<\/div><div class=\"wpcf7-response-output\" aria-hidden=\"true\"><\/div>\n<\/form>\n<\/div>\n\n","protected":false},"excerpt":{"rendered":"","protected":false},"author":1,"featured_media":0,"parent":0,"menu_order":0,"comment_status":"closed","ping_status":"closed","template":"tp-contact.php","meta":{"_acf_changed":false,"footnotes":""},"class_list":["post-237269","page","type-page","status-publish","hentry"],"acf":[],"_links":{"self":[{"href":"https:\/\/www.lesfoyersdecharite.com\/es\/wp-json\/wp\/v2\/pages\/237269","targetHints":{"allow":["GET"]}}],"collection":[{"href":"https:\/\/www.lesfoyersdecharite.com\/es\/wp-json\/wp\/v2\/pages"}],"about":[{"href":"https:\/\/www.lesfoyersdecharite.com\/es\/wp-json\/wp\/v2\/types\/page"}],"author":[{"embeddable":true,"href":"https:\/\/www.lesfoyersdecharite.com\/es\/wp-json\/wp\/v2\/users\/1"}],"replies":[{"embeddable":true,"href":"https:\/\/www.lesfoyersdecharite.com\/es\/wp-json\/wp\/v2\/comments?post=237269"}],"version-history":[{"count":2,"href":"https:\/\/www.lesfoyersdecharite.com\/es\/wp-json\/wp\/v2\/pages\/237269\/revisions"}],"predecessor-version":[{"id":237272,"href":"https:\/\/www.lesfoyersdecharite.com\/es\/wp-json\/wp\/v2\/pages\/237269\/revisions\/237272"}],"wp:attachment":[{"href":"https:\/\/www.lesfoyersdecharite.com\/es\/wp-json\/wp\/v2\/media?parent=237269"}],"curies":[{"name":"wp","href":"https:\/\/api.w.org\/{rel}","templated":true}]}}