{"id":263998,"date":"2025-12-08T09:56:26","date_gmt":"2025-12-08T08:56:26","guid":{"rendered":"https:\/\/www.lesfoyersdecharite.com\/?page_id=263998"},"modified":"2025-12-08T09:59:40","modified_gmt":"2025-12-08T08:59:40","slug":"commission-independante-detude-pluridisciplinaire","status":"publish","type":"page","link":"https:\/\/www.lesfoyersdecharite.com\/es\/commission-independante-detude-pluridisciplinaire\/","title":{"rendered":"Commission Ind\u00e9pendante d\u2019Etude Pluridisciplinaire"},"content":{"rendered":"<h2><strong>Des nouvelles de la Commission Ind\u00e9pendante d\u2019Etude Pluridisciplinaire sur les Foyers de Charit\u00e9<\/strong><\/h2>\n<p>&nbsp;<\/p>\n<h3><strong>Objectifs et m\u00e9thodologie<\/strong><strong>\u00a0<\/strong><\/h3>\n<p>La Commission Ind\u00e9pendante d\u2019Etude Pluridisciplinaire (CIEP) a \u00e9t\u00e9 mise en place pour \u00e9tudier objectivement l\u2019histoire des Foyers, afin d\u2019\u00e9tablir une vision \u00e9quilibr\u00e9e du d\u00e9veloppement de l\u2019\u0152uvre des Foyers de Charit\u00e9.<\/p>\n<p>Mandat\u00e9e par l\u2019\u0152uvre des Foyers de Charit\u00e9, la Commission travaille en toute ind\u00e9pendance et confidentialit\u00e9. Elle conduit ses travaux librement et partagera son rapport lors de la publication.<\/p>\n<p>La Commission mettra \u00e0 disposition de tous une histoire de l\u2019\u0152uvre des Foyers de Charit\u00e9. Cette derni\u00e8re permettra d\u2019identifier les leviers \u00e0 m\u00eame de supprimer les facteurs qui ont pu favoriser les d\u00e9rives et abus constat\u00e9s, garantissant ainsi aux membres des Foyers, aux retraitants et \u00e0 toute personne accueillie dans un Foyer que tout est et sera fait pour qu\u2019aucun abus, quel qu\u2019il soit, ne puisse se reproduire.<\/p>\n<p>L\u2019appel \u00e0 une commission pluridisciplinaire (historique, th\u00e9ologique, sociologique, juridique) favorisera la mise \u00e0 disposition d\u2019un fondement solide pour engager la r\u00e9forme de l\u2019\u0152uvre des Foyers en n\u2019\u00e9cartant aucune th\u00e9matique ni champ d\u2019action.<\/p>\n<p>&nbsp;<\/p>\n<h3><strong>Composition de la Commission <\/strong><\/h3>\n<p>Les co-d\u00e9l\u00e9gu\u00e9s pontificaux de l\u2019\u0152uvre des Foyers de Charit\u00e9, S\u0153ur Christine Foulon et Monsieur Laurent Landete, remercient les membres de la Commission d\u2019avoir accept\u00e9 cette mission, essentielle pour l\u2019avenir de l\u2019\u0152uvre, et leur garantissent tous les moyens n\u00e9cessaires pour la r\u00e9ussir.<\/p>\n<p>La Commission est compos\u00e9e des membres suivants\u00a0:<\/p>\n<ul>\n<li>Florian Michel, professeur d\u2019histoire contemporaine \u00e0 l\u2019universit\u00e9 Paris 1\u00a0Panth\u00e9on Sorbonne, coordinateur de la Commission ;<\/li>\n<li>Christian Sorrel, professeur \u00e9m\u00e9rite d\u2019histoire contemporaine \u00e0 l\u2019universit\u00e9 Lyon 2\u00a0;<\/li>\n<li>Guillaume Drago, professeur de droit public \u00e0 l\u2019universit\u00e9 Paris 2 Panth\u00e9on-Assas\u00a0;<\/li>\n<li>Mme Isabelle Jonveaux, professeur de sociologie \u00e0 l\u2019universit\u00e9 de Fribourg, charg\u00e9e de cours \u00e0 la Privat P\u00e4dagogische Hochschule Augustinum Graz ;<\/li>\n<li>Edouard Coquet, ma\u00eetre de conf\u00e9rences en histoire contemporaine \u00e0 la Facult\u00e9 des Lettres Sorbonne Universit\u00e9\u00a0;<\/li>\n<li>P\u00e8re Pascal Thuillier, docteur en th\u00e9ologie, sup\u00e9rieur du S\u00e9minaire des Carmes de l\u2019Institut Catholique de Paris\u00a0;<\/li>\n<li>P\u00e8re Laurent Lemoine, th\u00e9ologien et psychanalyste.<\/li>\n<\/ul>\n<p>&nbsp;<\/p>\n<h3><strong>Calendrier des travaux de la Commission<\/strong><\/h3>\n<p><strong>\u00a0<\/strong>Le 9 janvier 2025, les travaux de la Commission sur les Foyers de Charit\u00e9 ont \u00e9t\u00e9 lanc\u00e9s en pr\u00e9sence des co-d\u00e9l\u00e9gu\u00e9s pontificaux.<\/p>\n<p><a href=\"https:\/\/lesfoyersdecharite.com\/custom\/uploads\/2025\/01\/Lettre-de-mission_CIEP-FdC.pdf\" target=\"_blank\" rel=\"noopener\">Lettre de mission de la CIEP sur les Foyers de Charit\u00e9<\/a><\/p>\n<p>Le 31 janvier 2025, la Commission <a href=\"https:\/\/www.lesfoyersdecharite.com\/260506\/\">a lanc\u00e9 un appel \u00e0 t\u00e9moignages sur les abus dans le contexte des activit\u00e9s des Foyers de Charit\u00e9<\/a>. Les personnes concern\u00e9es par des formes d\u2019abus ou de maltraitance et les personnes t\u00e9moins pouvant fournir des donn\u00e9es sur le fonctionnement des Foyers de Charit\u00e9 sont invit\u00e9s \u00e0 joindre la Commission \u00e0 l\u2019adresse suivante\u00a0: <a href=\"&#x6d;&#x61;&#105;l&#x74;&#x6f;&#58;co&#x6d;&#x6d;&#105;s&#x73;&#x69;&#111;&#110;f&#x6f;&#x79;&#101;r&#x73;&#x64;&#101;&#99;h&#x61;&#x72;&#105;t&#x65;&#x40;&#103;&#109;a&#x69;&#x6c;&#46;c&#x6f;&#x6d;\">&#99;o&#x6d;m&#x69;s&#x73;i&#x6f;n&#x66;o&#x79;&#101;&#x72;&#115;&#x64;&#101;&#x63;&#104;&#x61;&#114;&#x69;&#116;&#x65;&#64;g&#x6d;a&#x69;l&#x2e;c&#x6f;m<\/a><\/p>\n<p><a href=\"https:\/\/lesfoyersdecharite.com\/custom\/uploads\/2025\/01\/Appel_a_temoignages_Foyers_de_Charite_30012025.pdf\" target=\"_blank\" rel=\"noopener\">Appel \u00e0 t\u00e9moignages de la CIEP sur les abus dans le contexte des activit\u00e9s des Foyers de Charit\u00e9<\/a><\/p>\n<p>La Commission devrait publier son rapport d\u00e9but 2027.<\/p>\n","protected":false},"excerpt":{"rendered":"<p>Des nouvelles de la Commission Ind\u00e9pendante d\u2019Etude Pluridisciplinaire sur les Foyers de Charit\u00e9 &nbsp; Objectifs et m\u00e9thodologie\u00a0 La Commission Ind\u00e9pendante d\u2019Etude Pluridisciplinaire (CIEP) a \u00e9t\u00e9 mise en place pour \u00e9tudier objectivement l\u2019histoire des Foyers, afin d\u2019\u00e9tablir une vision \u00e9quilibr\u00e9e du d\u00e9veloppement de l\u2019\u0152uvre des Foyers de Charit\u00e9. Mandat\u00e9e par l\u2019\u0152uvre des Foyers de Charit\u00e9, la [&hellip;]<\/p>\n","protected":false},"author":1,"featured_media":0,"parent":0,"menu_order":0,"comment_status":"closed","ping_status":"closed","template":"","meta":{"_acf_changed":false,"footnotes":""},"class_list":["post-263998","page","type-page","status-publish","hentry"],"acf":[],"_links":{"self":[{"href":"https:\/\/www.lesfoyersdecharite.com\/es\/wp-json\/wp\/v2\/pages\/263998","targetHints":{"allow":["GET"]}}],"collection":[{"href":"https:\/\/www.lesfoyersdecharite.com\/es\/wp-json\/wp\/v2\/pages"}],"about":[{"href":"https:\/\/www.lesfoyersdecharite.com\/es\/wp-json\/wp\/v2\/types\/page"}],"author":[{"embeddable":true,"href":"https:\/\/www.lesfoyersdecharite.com\/es\/wp-json\/wp\/v2\/users\/1"}],"replies":[{"embeddable":true,"href":"https:\/\/www.lesfoyersdecharite.com\/es\/wp-json\/wp\/v2\/comments?post=263998"}],"version-history":[{"count":6,"href":"https:\/\/www.lesfoyersdecharite.com\/es\/wp-json\/wp\/v2\/pages\/263998\/revisions"}],"predecessor-version":[{"id":264004,"href":"https:\/\/www.lesfoyersdecharite.com\/es\/wp-json\/wp\/v2\/pages\/263998\/revisions\/264004"}],"wp:attachment":[{"href":"https:\/\/www.lesfoyersdecharite.com\/es\/wp-json\/wp\/v2\/media?parent=263998"}],"curies":[{"name":"wp","href":"https:\/\/api.w.org\/{rel}","templated":true}]}}