{"id":265242,"date":"2026-03-17T11:21:11","date_gmt":"2026-03-17T10:21:11","guid":{"rendered":"https:\/\/www.lesfoyersdecharite.com\/?page_id=265242"},"modified":"2026-04-13T07:53:37","modified_gmt":"2026-04-13T05:53:37","slug":"la-communion-de-la-plaine","status":"publish","type":"page","link":"https:\/\/www.lesfoyersdecharite.com\/es\/les-foyers-de-charite\/la-communion-de-la-plaine\/","title":{"rendered":"La Communion de la Plaine"},"content":{"rendered":"<p>Sous l\u2019inspiration de l\u2019Esprit Saint, des baptis\u00e9s ont, au fil des d\u00e9cennies, reconnu dans l\u2019h\u00e9ritage des Foyers de Charit\u00e9 une source vivante de renouvellement spirituel, de conversion int\u00e9rieure, d\u2019amour de l\u2019Eglise et de z\u00e8le missionnaire.<\/p>\n<p>Dans un esprit d\u2019Eglise, <strong>l\u2019\u0152uvre des Foyers de Charit\u00e9 d\u00e9veloppe et nourrit des liens avec des communaut\u00e9s ou institutions qui partagent profond\u00e9ment son inspiration, notamment l\u2019h\u00e9ritage spirituel transmis par Marthe Robin<\/strong>. Ces derni\u00e8res sont unies fraternellement dans une communion de pri\u00e8re et de mission \u00e0 travers la \u00ab\u00a0Communion de la Plaine\u00a0\u00bb.<\/p>\n<p>La Communion de la Plaine rassemble ses membres dans une dynamique de collaboration spirituelle, d\u2019\u00e9lan missionnaire, et d\u2019enrichissement mutuel. L\u2019h\u00e9ritage spirituel des Foyers de Charit\u00e9 trouve ainsi un \u00e9cho dans diff\u00e9rentes communaut\u00e9s et institutions engag\u00e9es pour son rayonnement et sa transmission.<\/p>\n<p>En 2026, <a href=\"https:\/\/foyer-jean-arnolds.be\/\">le Foyer Jean Arnolds (Belgique)<\/a> a rejoint la Communion de la Plaine.<\/p>\n<h3>Comment rejoindre la Communion de la Plaine ?<\/h3>\n<p>La Communion de la Plaine est ouverte \u00e0 toutes les communaut\u00e9s et institutions d\u2019Eglise souhaitant entretenir des liens privil\u00e9gi\u00e9s avec l\u2019\u0152uvre des Foyers de Charit\u00e9.<\/p>\n<p>La Communion de la Plaine rassemble de mani\u00e8re informelle ces communaut\u00e9s ayant sign\u00e9 une convention bilat\u00e9rale avec l\u2019\u0152uvre des Foyers de Charit\u00e9. Elle n\u2019a pas de port\u00e9e juridique ou canonique contraignante, mais constitue un lien moral et spirituel de reconnaissance mutuelle entre l\u2019\u0152uvre des Foyers de Charit\u00e9 et les membres, au service de la mission de l\u2019Eglise. La signature de la convention est subordonn\u00e9e \u00e0 l\u2019accord de l\u2019\u00e9v\u00eaque du lieu.<\/p>\n<p>Si vous souhaitez en savoir davantage : <a href=\"m&#97;&#105;&#x6c;&#x74;o&#58;&#99;&#x68;&#x65;&#x66;d&#101;&#99;&#x61;&#x62;in&#101;&#x74;&#x2e;&#x64;g&#64;&#108;&#x65;&#x73;fo&#121;&#x65;&#x72;&#x73;d&#101;&#99;&#x68;&#x61;ri&#116;&#x65;&#x2e;&#x63;o&#109;\">&#x63;h&#x65;&#102;&#x64;&#101;&#x63;&#x61;b&#x69;&#110;&#x65;&#116;&#x2e;&#100;g&#x40;&#108;&#x65;&#115;&#x66;&#111;y&#x65;&#114;&#x73;&#100;&#x65;&#99;h&#x61;r&#x69;&#116;&#x65;&#46;c&#x6f;m<\/a><\/p>\n","protected":false},"excerpt":{"rendered":"<p>Sous l\u2019inspiration de l\u2019Esprit Saint, des baptis\u00e9s ont, au fil des d\u00e9cennies, reconnu dans l\u2019h\u00e9ritage des Foyers de Charit\u00e9 une source vivante de renouvellement spirituel, de conversion int\u00e9rieure, d\u2019amour de l\u2019Eglise et de z\u00e8le missionnaire. Dans un esprit d\u2019Eglise, l\u2019\u0152uvre des Foyers de Charit\u00e9 d\u00e9veloppe et nourrit des liens avec des communaut\u00e9s ou institutions qui [&hellip;]<\/p>\n","protected":false},"author":16,"featured_media":265248,"parent":129,"menu_order":0,"comment_status":"closed","ping_status":"closed","template":"","meta":{"_acf_changed":false,"footnotes":""},"class_list":["post-265242","page","type-page","status-publish","has-post-thumbnail","hentry"],"acf":[],"_links":{"self":[{"href":"https:\/\/www.lesfoyersdecharite.com\/es\/wp-json\/wp\/v2\/pages\/265242","targetHints":{"allow":["GET"]}}],"collection":[{"href":"https:\/\/www.lesfoyersdecharite.com\/es\/wp-json\/wp\/v2\/pages"}],"about":[{"href":"https:\/\/www.lesfoyersdecharite.com\/es\/wp-json\/wp\/v2\/types\/page"}],"author":[{"embeddable":true,"href":"https:\/\/www.lesfoyersdecharite.com\/es\/wp-json\/wp\/v2\/users\/16"}],"replies":[{"embeddable":true,"href":"https:\/\/www.lesfoyersdecharite.com\/es\/wp-json\/wp\/v2\/comments?post=265242"}],"version-history":[{"count":4,"href":"https:\/\/www.lesfoyersdecharite.com\/es\/wp-json\/wp\/v2\/pages\/265242\/revisions"}],"predecessor-version":[{"id":265567,"href":"https:\/\/www.lesfoyersdecharite.com\/es\/wp-json\/wp\/v2\/pages\/265242\/revisions\/265567"}],"up":[{"embeddable":true,"href":"https:\/\/www.lesfoyersdecharite.com\/es\/wp-json\/wp\/v2\/pages\/129"}],"wp:featuredmedia":[{"embeddable":true,"href":"https:\/\/www.lesfoyersdecharite.com\/es\/wp-json\/wp\/v2\/media\/265248"}],"wp:attachment":[{"href":"https:\/\/www.lesfoyersdecharite.com\/es\/wp-json\/wp\/v2\/media?parent=265242"}],"curies":[{"name":"wp","href":"https:\/\/api.w.org\/{rel}","templated":true}]}}