{"id":41254,"date":"2019-08-19T22:22:22","date_gmt":"2019-08-19T20:22:22","guid":{"rendered":"http:\/\/fdc.urlprovisoire.net\/?page_id=41254"},"modified":"2025-03-14T13:34:22","modified_gmt":"2025-03-14T12:34:22","slug":"prensa","status":"publish","type":"page","link":"https:\/\/www.lesfoyersdecharite.com\/es\/prensa\/","title":{"rendered":"Prensa"},"content":{"rendered":"\r\n<div class=\"wp-block-columns has-2-columns is-layout-flex wp-container-core-columns-is-layout-9d6595d7 wp-block-columns-is-layout-flex\">\r\n<div class=\"wp-block-column is-layout-flow wp-block-column-is-layout-flow\">\r\n\r\n\r\n<p><strong><a href=\"ma&#105;&#108;&#116;&#111;&#x3a;&#x63;&#x6f;&#x6d;&#x6d;un&#105;&#99;&#97;&#116;&#x69;&#x6f;&#x6e;&#x40;&#x6c;es&#102;&#111;&#121;&#101;&#x72;&#x73;&#x64;&#x65;&#x63;har&#105;&#116;&#101;&#x2e;&#x63;&#x6f;&#x6d;\" target=\"_blank\" rel=\"noreferrer noopener\">Enviar un mail<\/a><\/strong><\/p>\r\n<\/div>\r\n<\/div>\r\n\r\n\r\n\r\n<p>El departamento de Comunicaci\u00f3n de los Foyers de Charit\u00e9 est\u00e1 a disposici\u00f3n de los medios de comunicaci\u00f3n, especialmente por cualquier tema sobre :<\/p>\r\n\r\n\r\n\r\n<ul class=\"wp-block-list\">\r\n<li>la b\u00fasqueda de espiritualidad hoy en d\u00eda;<\/li>\r\n<li>los retiros espirituales;<\/li>\r\n<li>la formaci\u00f3n de los cristianos;<\/li>\r\n<li>los j\u00f3venes cat\u00f3licos;<\/li>\r\n<li>la obra de los Foyers de Charit\u00e9 en el mundo, su organizaci\u00f3n y su funcionamiento;<\/li>\r\n<li>la vocaci\u00f3n y la misi\u00f3n de los miembros de los Foyers de Charit\u00e9.<\/li>\r\n<\/ul>\r\n\r\n\r\n\r\n\r\n\r\n<h2 class=\"wp-block-heading\">Communiqu\u00e9s de presse<\/h2>\r\n<p>&#8212;&#8212;<\/p>\r\n<div class=\"page\" title=\"Page 1\">\r\n<div class=\"layoutArea\">\r\n<div class=\"column\">\r\n<p><strong>Comunicado : <a href=\"https:\/\/www.lesfoyersdecharite.com\/custom\/uploads\/2022\/03\/Comunicado-de-prensa-Les_Foyers_de_Charite-2022.03.17.pdf\" target=\"_blank\" rel=\"noopener\">Nombramiento de un nuevo Delegado Pontificio para los Foyers de Charit\u00e9<\/a><\/strong> (17 de marzo de 2022)<\/p>\r\n<\/div>\r\n<\/div>\r\n<\/div>\r\n<p>&#8212;&#8212;<\/p>\r\n<div class=\"page\" title=\"Page 1\">\r\n<div class=\"layoutArea\">\r\n<div class=\"column\">\r\n<p><strong>Comunicado : <a href=\"https:\/\/lesfoyersdecharite.com\/custom\/uploads\/2022\/02\/communique-des-foyers-de-charite-es-2022-22-11.pdf\" target=\"_blank\" rel=\"noopener\">Nombramiento de un Delegado Pontifical para los Foyers de Charit\u00e9<\/a><\/strong> (10 de febrero de 2022)<\/p>\r\n<p>&#8212;&#8212;<\/p>\r\n<\/div>\r\n<\/div>\r\n<\/div>\r\n\r\n\r\n\r\n<p><strong>Comparution d\u2019un couple pour \u00ab\u00a0d\u00e9nonciation calomnieuse\u00a0\u00bb au tribunal correctionnel de Ch\u00e2lons-en-Champagne (27 f\u00e9vrier 2019)<\/strong><\/p>\r\n\r\n\r\n\r\n<p><a href=\"https:\/\/www.lesfoyersdecharite.com\/wp-content\/uploads\/2019\/02\/201902_Communique_FoyersDeCharite_Chalons.pdf\" target=\"_blank\" rel=\"noreferrer noopener\"><strong>El\u00e9ments de r\u00e9ponse des Foyers de Charit\u00e9<\/strong><\/a>\u00a0suite aux sollicitations de plusieurs m\u00e9dias au sujet de la comparution d\u2019un couple pour \u00ab d\u00e9nonciation calomnieuse \u00bb le 27 f\u00e9vrier 2019 au tribunal correctionnel de Ch\u00e2lons-en-Champagne\u2026<\/p>\r\n\r\n\r\n\r\n<p><strong>Les Foyers de Charit\u00e9 \u00e0 la rencontre mondiale des familles, \u00e0 Dublin (ao\u00fbt 2018)<\/strong><\/p>\r\n\r\n\r\n\r\n<p>Les Foyers de Charit\u00e9 envoient une d\u00e9l\u00e9gation pour participer \u00e0 la WMOF (<a href=\"https:\/\/www.worldmeeting2018.ie\/fr\">World Meeting of families<\/a>), \u00e0 Dublin, du 22 au 26 ao\u00fbt 2018.<\/p>\r\n\r\n\r\n\r\n<ul class=\"wp-block-list\">\r\n<li><strong><a href=\"https:\/\/www.lesfoyersdecharite.com\/wp-content\/uploads\/2018\/08\/Communique_FoyersDeCharite_Dublin2018.pdf\" target=\"_blank\" rel=\"noreferrer noopener\">Communiqu\u00e9 de presse \u2013 version fran\u00e7aise<\/a><\/strong><\/li>\r\n<li><strong><a href=\"https:\/\/www.lesfoyersdecharite.com\/wp-content\/uploads\/2018\/08\/Communique_FoyersDeCharite_Dublin2018_GB.pdf\" target=\"_blank\" rel=\"noreferrer noopener\">Press release \u2013 english version<\/a><\/strong><\/li>\r\n<\/ul>\r\n\r\n\r\n\r\n<p><a href=\"https:\/\/www.lesfoyersdecharite.com\/custom\/uploads\/2016\/07\/20170522_FoyersDeCharite-MartheRobin_RomePentecote.pdf\" target=\"_blank\" rel=\"noreferrer noopener\"><strong>Les Foyers de Charit\u00e9 au Jubil\u00e9 du Renouveau Charismatique \u00e0 la Pentec\u00f4te \u00e0 Rome<\/strong><\/a><strong>\u00a0(mai 2017)<\/strong><\/p>\r\n\r\n\r\n\r\n<p>Les Foyers de Charit\u00e9 s\u2019associent \u00e0 la joie de l\u2019Eglise de c\u00e9l\u00e9brer les 50 ans du Renouveau Charismatique. Une d\u00e9l\u00e9gation de huit membres des Foyers de Charit\u00e9 participera au Jubil\u00e9 \u00e0 Rome \u00e0 l\u2019occasion de la f\u00eate de la Pentec\u00f4te. Marthe Robin sera \u00e0\u00a0l\u2019honneur dans une exposition du Jubil\u00e9 consacr\u00e9e aux \u00ab\u00a0serviteurs de Dieu\u00a0\u00bb issus du Renouveau Charismatique.<\/p>\r\n\r\n\r\n\r\n<p><a href=\"https:\/\/www.lesfoyersdecharite.com\/custom\/uploads\/2016\/08\/communique_combs_20161013.pdf\" target=\"_blank\" rel=\"noreferrer noopener\"><strong>Fermeture du Foyer de Charit\u00e9 de Combs-la-Ville<\/strong><\/a><strong>\u00a0(13 octobre 2016)<\/strong><\/p>\r\n\r\n\r\n\r\n<p><a href=\"https:\/\/www.lesfoyersdecharite.com\/custom\/uploads\/2016\/08\/2016juin20_CPFoyersDeCharite_ElectionPereModerateur.pdf\" target=\"_blank\" rel=\"noreferrer noopener\">\u00c9lection du P\u00e8re Mo\u00efse Ndione, nouveau P\u00e8re mod\u00e9rateur des Foyers de <strong>Charit\u00e9<\/strong><\/a><strong>\u00a0(20 juin 2016)<\/strong><\/p>\r\n\r\n\r\n\r\n<p>Au cours de leur assembl\u00e9e g\u00e9n\u00e9rale au Foyer de Charit\u00e9 de Ch\u00e2teauneuf-de-Galaure (Dr\u00f4me \u2013 France), les 250 d\u00e9l\u00e9gu\u00e9s (pr\u00eatres et la\u00efcs) des 78 Foyers de Charit\u00e9 du monde ont \u00e9lu le nouveau responsable de l\u2019\u0153uvre, d\u00e9sormais appel\u00e9 \u00ab P\u00e8re mod\u00e9rateur \u00bb. \u00c2g\u00e9 de 57 ans, le p\u00e8re Mo\u00efse Ndione (S\u00e9n\u00e9gal) prend cette fonction pour un premier mandat de quatre ans.<\/p>\r\n\r\n\r\n\r\n<p><a href=\"https:\/\/www.lesfoyersdecharite.com\/custom\/uploads\/2016\/08\/2016juin09_CP-FoyersDeCharit.pdf\" target=\"_blank\" rel=\"noreferrer noopener\"><strong>Retraites spirituelles, des vacances autrement !<\/strong><\/a><strong>\u00a0(8 juin 2016)<\/strong><\/p>\r\n\r\n\r\n\r\n<p>Chaque ann\u00e9e, des milliers de fran\u00e7ais cherchent \u00e0 faire une pause, se ressourcer et s\u2019interroger sur le sens de leur vie en participant \u00e0 une retraite spirituelle. Depuis 80 ans, les Foyers de Charit\u00e9 proposent des retraites ouvertes \u00e0 tous\u2026<\/p>\r\n\r\n\r\n\r\n<h2 class=\"wp-block-heading\">Dossiers de presse<\/h2>\r\n\r\n\r\n\r\n<p><strong>\u2022\u00a0<\/strong><a href=\"https:\/\/www.lesfoyersdecharite.com\/custom\/uploads\/2016\/08\/Etude_RetraitesSpirituelles_FoyersDeCharite_v2.pdf\" target=\"_blank\" rel=\"noreferrer noopener\"><strong>Retraites spirituelles, une attente et un besoin actuels<\/strong><\/a><\/p>\r\n\r\n\r\n\r\n<p>R\u00e9sultats et analyse de l\u2019\u00e9tude r\u00e9alis\u00e9e par les Foyers de Charit\u00e9 pour les 80 ans de la premi\u00e8re retraite au Foyer de Ch\u00e2teauneuf-de-Galaure.<\/p>\r\n","protected":false},"excerpt":{"rendered":"<p>Enviar un mail El departamento de Comunicaci\u00f3n de los Foyers de Charit\u00e9 est\u00e1 a disposici\u00f3n de los medios de comunicaci\u00f3n, especialmente por cualquier tema sobre : la b\u00fasqueda de espiritualidad hoy en d\u00eda; los retiros espirituales; la formaci\u00f3n de los cristianos; los j\u00f3venes cat\u00f3licos; la obra de los Foyers de Charit\u00e9 en el mundo, su [&hellip;]<\/p>\n","protected":false},"author":1,"featured_media":143797,"parent":0,"menu_order":0,"comment_status":"closed","ping_status":"closed","template":"","meta":{"_acf_changed":false,"footnotes":""},"class_list":["post-41254","page","type-page","status-publish","has-post-thumbnail","hentry"],"acf":[],"_links":{"self":[{"href":"https:\/\/www.lesfoyersdecharite.com\/es\/wp-json\/wp\/v2\/pages\/41254","targetHints":{"allow":["GET"]}}],"collection":[{"href":"https:\/\/www.lesfoyersdecharite.com\/es\/wp-json\/wp\/v2\/pages"}],"about":[{"href":"https:\/\/www.lesfoyersdecharite.com\/es\/wp-json\/wp\/v2\/types\/page"}],"author":[{"embeddable":true,"href":"https:\/\/www.lesfoyersdecharite.com\/es\/wp-json\/wp\/v2\/users\/1"}],"replies":[{"embeddable":true,"href":"https:\/\/www.lesfoyersdecharite.com\/es\/wp-json\/wp\/v2\/comments?post=41254"}],"version-history":[{"count":15,"href":"https:\/\/www.lesfoyersdecharite.com\/es\/wp-json\/wp\/v2\/pages\/41254\/revisions"}],"predecessor-version":[{"id":261164,"href":"https:\/\/www.lesfoyersdecharite.com\/es\/wp-json\/wp\/v2\/pages\/41254\/revisions\/261164"}],"wp:featuredmedia":[{"embeddable":true,"href":"https:\/\/www.lesfoyersdecharite.com\/es\/wp-json\/wp\/v2\/media\/143797"}],"wp:attachment":[{"href":"https:\/\/www.lesfoyersdecharite.com\/es\/wp-json\/wp\/v2\/media?parent=41254"}],"curies":[{"name":"wp","href":"https:\/\/api.w.org\/{rel}","templated":true}]}}