{"id":41267,"date":"2019-08-19T22:25:03","date_gmt":"2019-08-19T20:25:03","guid":{"rendered":"http:\/\/fdc.urlprovisoire.net\/?page_id=41267"},"modified":"2025-03-20T11:29:43","modified_gmt":"2025-03-20T10:29:43","slug":"rezar-con-los-foyers-de-charite","status":"publish","type":"page","link":"https:\/\/www.lesfoyersdecharite.com\/es\/rezar-con-los-foyers-de-charite\/","title":{"rendered":"Rezar con los Foyers de Charit\u00e9"},"content":{"rendered":"\r\n<h2 class=\"wp-block-heading\">Texto de Marta Robin sobre la oraci\u00f3n<\/h2>\r\n\r\n\r\n\r\n<p>\u00ab\u00bfQui\u00e9n dir\u00e1 lo que la oraci\u00f3n puede poner y prodigar en un alma,<br \/>como verdad, paz, fuerza, consuelo, esperanza?<\/p>\r\n\r\n\r\n\r\n<p>Ella no s\u00f3lo es luz,<br \/>sino que es calor, es vida.<\/p>\r\n\r\n\r\n\r\n<p>La oraci\u00f3n es el perfume que seduce,<br \/>la frescura que cautiva, el im\u00e1n que atrae,<br \/>la gracia que embriaga, la dulzura que encanta.<\/p>\r\n\r\n\r\n\r\n<p>Si el alma est\u00e1 triste, la consuela,<br \/>si duerme, la despierta,<br \/>si est\u00e1 alegre, la modera,<br \/>si est\u00e1 en las tinieblas, es un rayo divino<br \/>que suavemente desciende sobre ella y la transporta en Dios. \u00bb<\/p>\r\n\r\n\r\n\r\n<p><strong>Marthe Robin<\/strong><\/p>\r\n\r\n\r\n\r\n<p>Cada d\u00eda, los miembros de la comunidad y los ejercitantes se entregan a Jes\u00fas a trav\u00e9s de Mar\u00eda. Por eso dicen la oraci\u00f3n: \u00abTe escojo hoy, oh Mar\u00eda\u00bb. Tambi\u00e9n es mediante esta oraci\u00f3n como los miembros de la comunidad se comprometen definitivamente en la obra de los Foyers de Charit\u00e9.<\/p>\r\n\r\n\r\n\r\n<blockquote class=\"wp-block-quote is-layout-flow wp-block-quote-is-layout-flow\">\r\n<p><strong>Te escojo hoy, oh Mar\u00eda <\/strong><\/p>\r\n<p>Te escojo hoy,<br \/>oh Mar\u00eda,<br \/>en presencia de toda la corte celestial<br \/>por Madre y Reina m\u00eda. Te entrego y te consagro<br \/>con toda sumisi\u00f3n y amor<br \/>mi cuerpo y mi alma,<br \/>mis bienes interiores y exteriores,<br \/>y hasta el valor de mis buenas acciones<br \/>pasadas, presentes y futuras,<br \/>dej\u00e1ndote entero y pleno derecho<br \/>de disponer de m\u00ed<br \/>y de todo cuanto me pertenece,<br \/>sin excepci\u00f3n, seg\u00fan tu agrado,<br \/>para mayor gloria de Dios<br \/>en el tiempo y en la eternidad. <\/p>\r\n<cite> <strong>San Luis Mar\u00eda Grignion de Montfort <\/strong><\/cite><\/blockquote>\r\n\r\n\r\n\r\n<p>Otras citas de oraci\u00f3n marcan el ritmo del d\u00eda en cada Foyer de Charit\u00e9: Eucarist\u00eda, adoraci\u00f3n eucar\u00edstica, rosario en particular. Usted puede unirse a ello si lo desea, poni\u00e9ndose en relaci\u00f3n con el Foyer m\u00e1s cercano a su casa.<\/p>\r\n\r\n\r\n\r\n<blockquote class=\"wp-block-quote is-layout-flow wp-block-quote-is-layout-flow\">\r\n<p><strong>Oh, Madre Amad\u00edsima <\/strong><br \/><em>Esta oraci\u00f3n de Marta Robin escrita un D\u00eda de Todos los Santos se la reza cada d\u00eda en los Foyers de Charit\u00e9.<\/em><\/p>\r\n<p>Oh Madre Amad\u00edsima,<br \/>T\u00fa que conoces de manera tan perfecta<br \/>los caminos de la Santidad y del Amor,<br \/>ens\u00e9\u00f1anos a elevar frecuentemente<br \/>nuestro esp\u00edritu y nuestro coraz\u00f3n hacia la Trinidad,<br \/>a fijar en Ella<br \/>nuestra respetuosa y amorosa atenci\u00f3n.<\/p>\r\n<p>Y puesto que T\u00fa caminas con nosotros<br \/>por los senderos de la Vida Eterna,<br \/>no permanezcas extra\u00f1a<br \/>con los d\u00e9biles peregrinos<br \/>que tu caridad desea tanto reunir;<br \/>vuelve hacia nosotros tus miradas misericordiosas,<br \/>atr\u00e1enos a tus claridades,<br \/>in\u00fandanos en tus dulzuras,<br \/>ll\u00e9vanos en la luz y en el Amor,<br \/>ll\u00e9vanos siempre m\u00e1s lejos<br \/>y m\u00e1s alto en los esplendores del Cielo.<\/p>\r\n<p>Que nada pueda jam\u00e1s turbar nuestra paz,<br \/>ni apartarnos del pensamiento de Dios,<\/p>\r\n<p>sino que cada minuto nos lleve m\u00e1s adentro<br \/>en las profundidades del insondable Misterio,<br \/>hasta el d\u00eda en que nuestra alma<br \/>plenamente abierta a las iluminaciones de la uni\u00f3n divina,<br \/>lo vea todo en el eterno Amor y en la unidad.<\/p>\r\n<cite> <strong>Marthe Robin<\/strong> <\/cite><\/blockquote>\r\n","protected":false},"excerpt":{"rendered":"<p>Texto de Marta Robin sobre la oraci\u00f3n \u00ab\u00bfQui\u00e9n dir\u00e1 lo que la oraci\u00f3n puede poner y prodigar en un alma,como verdad, paz, fuerza, consuelo, esperanza? Ella no s\u00f3lo es luz,sino que es calor, es vida. La oraci\u00f3n es el perfume que seduce,la frescura que cautiva, el im\u00e1n que atrae,la gracia que embriaga, la dulzura que [&hellip;]<\/p>\n","protected":false},"author":1,"featured_media":41560,"parent":0,"menu_order":0,"comment_status":"closed","ping_status":"closed","template":"","meta":{"_acf_changed":false,"footnotes":""},"class_list":["post-41267","page","type-page","status-publish","has-post-thumbnail","hentry"],"acf":[],"_links":{"self":[{"href":"https:\/\/www.lesfoyersdecharite.com\/es\/wp-json\/wp\/v2\/pages\/41267","targetHints":{"allow":["GET"]}}],"collection":[{"href":"https:\/\/www.lesfoyersdecharite.com\/es\/wp-json\/wp\/v2\/pages"}],"about":[{"href":"https:\/\/www.lesfoyersdecharite.com\/es\/wp-json\/wp\/v2\/types\/page"}],"author":[{"embeddable":true,"href":"https:\/\/www.lesfoyersdecharite.com\/es\/wp-json\/wp\/v2\/users\/1"}],"replies":[{"embeddable":true,"href":"https:\/\/www.lesfoyersdecharite.com\/es\/wp-json\/wp\/v2\/comments?post=41267"}],"version-history":[{"count":3,"href":"https:\/\/www.lesfoyersdecharite.com\/es\/wp-json\/wp\/v2\/pages\/41267\/revisions"}],"predecessor-version":[{"id":261254,"href":"https:\/\/www.lesfoyersdecharite.com\/es\/wp-json\/wp\/v2\/pages\/41267\/revisions\/261254"}],"wp:featuredmedia":[{"embeddable":true,"href":"https:\/\/www.lesfoyersdecharite.com\/es\/wp-json\/wp\/v2\/media\/41560"}],"wp:attachment":[{"href":"https:\/\/www.lesfoyersdecharite.com\/es\/wp-json\/wp\/v2\/media?parent=41267"}],"curies":[{"name":"wp","href":"https:\/\/api.w.org\/{rel}","templated":true}]}}