{"id":41271,"date":"2019-08-19T22:25:47","date_gmt":"2019-08-19T20:25:47","guid":{"rendered":"http:\/\/fdc.urlprovisoire.net\/?page_id=41271"},"modified":"2025-03-20T11:16:44","modified_gmt":"2025-03-20T10:16:44","slug":"confiar-una-intencion-de-oracion","status":"publish","type":"page","link":"https:\/\/www.lesfoyersdecharite.com\/es\/confiar-una-intencion-de-oracion\/","title":{"rendered":"Confiar una intenci\u00f3n de oraci\u00f3n"},"content":{"rendered":"\r\n<h2 class=\"wp-block-heading\">Puede confiarnos sus intenciones de oraci\u00f3n.<\/h2>\r\n\r\n\r\n\r\n<p>Las imprimiremos y las llevaremos a la habitaci\u00f3n de Marta Robin para que rece por ellas.<\/p>\r\n\r\n\r\n\r\n<p>Tambi\u00e9n las incluiremos en la oraci\u00f3n de la comunidad.<\/p>\r\n\r\n\r\n\n<div class=\"wpcf7 no-js\" id=\"wpcf7-f143811-o1\" lang=\"fr-FR\" dir=\"ltr\" data-wpcf7-id=\"143811\">\n<div class=\"screen-reader-response\"><p role=\"status\" aria-live=\"polite\" aria-atomic=\"true\"><\/p> <ul><\/ul><\/div>\n<form action=\"\/es\/wp-json\/wp\/v2\/pages\/41271#wpcf7-f143811-o1\" method=\"post\" class=\"wpcf7-form init\" aria-label=\"Formulaire de contact\" novalidate=\"novalidate\" data-status=\"init\">\n<fieldset class=\"hidden-fields-container\"><input type=\"hidden\" name=\"_wpcf7\" value=\"143811\" \/><input type=\"hidden\" name=\"_wpcf7_version\" value=\"6.1.4\" \/><input type=\"hidden\" name=\"_wpcf7_locale\" value=\"fr_FR\" \/><input type=\"hidden\" name=\"_wpcf7_unit_tag\" value=\"wpcf7-f143811-o1\" \/><input type=\"hidden\" name=\"_wpcf7_container_post\" value=\"0\" \/><input type=\"hidden\" name=\"_wpcf7_posted_data_hash\" value=\"\" \/>\n<\/fieldset>\n<div class=\"form__grp\">\n\t<p class=\"form__required small\" aria-hidden=\"true\"><br \/>\n* campos obligatorios\n\t<\/p>\n<\/div>\n<div class=\"form__row\">\n\t<div class=\"form__grp\">\n\t\t<p><label for=\"civilite\" class=\"form__label\"> Civilidad<span class=\"form__required\" aria-hidden=\"true\">*<\/span> : <\/label><span class=\"wpcf7-form-control-wrap\" data-name=\"civilite\"><select class=\"wpcf7-form-control wpcf7-select form__select\" id=\"civilite\" aria-invalid=\"false\" name=\"civilite\"><option value=\"Sr.\">Sr.<\/option><option value=\"Sra.\">Sra.<\/option><\/select><\/span>\n\t\t<\/p>\n\t<\/div>\n\t<div class=\"form__grp\">\n\t\t<p><label for=\"prenom\" class=\"form__label\"> Primer nombre<span class=\"form__required\" aria-hidden=\"true\">*<\/span> : <\/label><span class=\"wpcf7-form-control-wrap\" data-name=\"your-prenom\"><input size=\"40\" maxlength=\"400\" class=\"wpcf7-form-control wpcf7-text wpcf7-validates-as-required\" id=\"prenom\" aria-required=\"true\" aria-invalid=\"false\" value=\"\" type=\"text\" name=\"your-prenom\" \/><\/span>\n\t\t<\/p>\n\t<\/div>\n\t<div class=\"form__grp\">\n\t\t<p><label for=\"nom\" class=\"form__label\"> Apellido<span class=\"form__required\" aria-hidden=\"true\">*<\/span> : <\/label><span class=\"wpcf7-form-control-wrap\" data-name=\"your-nom\"><input size=\"40\" maxlength=\"400\" class=\"wpcf7-form-control wpcf7-text wpcf7-validates-as-required\" id=\"nom\" aria-required=\"true\" aria-invalid=\"false\" value=\"\" type=\"text\" name=\"your-nom\" \/><\/span>\n\t\t<\/p>\n\t<\/div>\n<\/div>\n<div class=\"form__row\">\n\t<div class=\"form__grp\">\n\t\t<p><label for=\"email\" class=\"form__label\"> Email<span class=\"form__required\" aria-hidden=\"true\">*<\/span> : <\/label><span class=\"wpcf7-form-control-wrap\" data-name=\"your-email\"><input size=\"40\" maxlength=\"400\" class=\"wpcf7-form-control wpcf7-email wpcf7-validates-as-required wpcf7-text wpcf7-validates-as-email\" id=\"email\" aria-required=\"true\" aria-invalid=\"false\" value=\"\" type=\"email\" name=\"your-email\" \/><\/span>\n\t\t<\/p>\n\t<\/div>\n<\/div>\n<div class=\"form__grp\">\n\t<p><label for=\"msg\" class=\"form__label\"> Tu intenci\u00f3n de oraci\u00f3n<span class=\"form__required\" aria-hidden=\"true\">*<\/span> : <\/label><span class=\"wpcf7-form-control-wrap\" data-name=\"textarea-message\"><textarea cols=\"40\" rows=\"10\" maxlength=\"2000\" class=\"wpcf7-form-control wpcf7-textarea wpcf7-validates-as-required\" id=\"msg\" aria-required=\"true\" aria-invalid=\"false\" name=\"textarea-message\"><\/textarea><\/span>\n\t<\/p>\n<\/div>\n<div class=\"form__grp\">\n\t<div class=\"form__radiocheck\">\n\t\t<p><label for=\"rgpd\" class=\"form__label\">La informaci\u00f3n proporcionada est\u00e1 reservada para el uso exclusivo de los Foyers de Charit\u00e9 y en ning\u00fan caso se comunicar\u00e1 a terceros. Usted tiene derecho a acceder, rectificar, oponerse y eliminar los datos que le conciernen. Puede ejercer sus derechos en cualquier momento por correo electr\u00f3nico. <\/label>\n\t\t<\/p>\n\t<\/div>\n<\/div>\n<div class=\"form__grp\">\n\t<p><input class=\"wpcf7-form-control wpcf7-submit has-spinner btn btn--primary\" type=\"submit\" value=\"Envia tu intenci\u00f3n de oraci\u00f3n\" \/>\n\t<\/p>\n<\/div><div class=\"wpcf7-response-output\" aria-hidden=\"true\"><\/div>\n<\/form>\n<\/div>\n\n","protected":false},"excerpt":{"rendered":"<p>Puede confiarnos sus intenciones de oraci\u00f3n. Las imprimiremos y las llevaremos a la habitaci\u00f3n de Marta Robin para que rece por ellas. Tambi\u00e9n las incluiremos en la oraci\u00f3n de la comunidad.<\/p>\n","protected":false},"author":1,"featured_media":41563,"parent":0,"menu_order":0,"comment_status":"closed","ping_status":"closed","template":"tp-contact.php","meta":{"_acf_changed":false,"footnotes":""},"class_list":["post-41271","page","type-page","status-publish","has-post-thumbnail","hentry"],"acf":[],"_links":{"self":[{"href":"https:\/\/www.lesfoyersdecharite.com\/es\/wp-json\/wp\/v2\/pages\/41271","targetHints":{"allow":["GET"]}}],"collection":[{"href":"https:\/\/www.lesfoyersdecharite.com\/es\/wp-json\/wp\/v2\/pages"}],"about":[{"href":"https:\/\/www.lesfoyersdecharite.com\/es\/wp-json\/wp\/v2\/types\/page"}],"author":[{"embeddable":true,"href":"https:\/\/www.lesfoyersdecharite.com\/es\/wp-json\/wp\/v2\/users\/1"}],"replies":[{"embeddable":true,"href":"https:\/\/www.lesfoyersdecharite.com\/es\/wp-json\/wp\/v2\/comments?post=41271"}],"version-history":[{"count":4,"href":"https:\/\/www.lesfoyersdecharite.com\/es\/wp-json\/wp\/v2\/pages\/41271\/revisions"}],"predecessor-version":[{"id":261251,"href":"https:\/\/www.lesfoyersdecharite.com\/es\/wp-json\/wp\/v2\/pages\/41271\/revisions\/261251"}],"wp:featuredmedia":[{"embeddable":true,"href":"https:\/\/www.lesfoyersdecharite.com\/es\/wp-json\/wp\/v2\/media\/41563"}],"wp:attachment":[{"href":"https:\/\/www.lesfoyersdecharite.com\/es\/wp-json\/wp\/v2\/media?parent=41271"}],"curies":[{"name":"wp","href":"https:\/\/api.w.org\/{rel}","templated":true}]}}