{"id":41275,"date":"2019-08-19T22:26:38","date_gmt":"2019-08-19T20:26:38","guid":{"rendered":"http:\/\/fdc.urlprovisoire.net\/?page_id=41275"},"modified":"2025-03-20T11:14:16","modified_gmt":"2025-03-20T10:14:16","slug":"offrir-une-messe","status":"publish","type":"page","link":"https:\/\/www.lesfoyersdecharite.com\/es\/offrir-une-messe\/","title":{"rendered":"Ofrecer una misa"},"content":{"rendered":"\r\n<h2 class=\"wp-block-heading\">Usted puede tambi\u00e9n ofrecer misas.<\/h2>\r\n\r\n\r\n\r\n<p>As\u00ed, usted le manda a un sacerdote llevar al altar su intenci\u00f3n.<\/p>\r\n\r\n\r\n\r\n<p>La ofrenda propuesta es 17\u20ac.<\/p>\r\n\r\n\r\n\r\n<p>No corresponde al precio que hace falta pagar para que se celebre una misa: \u00a1la gracia y el amor de Dios son gratuitos! Eso permite ayudar a los padres de los Foyers de Charit\u00e9 lejanos, especialmente los que est\u00e1n fuera de Europa.<\/p>\r\n\r\n\r\n\r\n<p>Le ruego extienda sus cheques a la orden de \u00ab<strong>Service messes Foyer de Charit\u00e9<\/strong>\u00bb y los remita a:<\/p>\r\n\r\n\r\n\r\n<p>Foyer de Charit\u00e9 \u2013 Service messes<br \/>85, rue Geoffroy de Moirans<br \/>26330 CHATEAUNEUF DE GALAURE \u2013 FRANCIA<\/p>\r\n","protected":false},"excerpt":{"rendered":"<p>Usted puede tambi\u00e9n ofrecer misas. As\u00ed, usted le manda a un sacerdote llevar al altar su intenci\u00f3n. La ofrenda propuesta es 17\u20ac. No corresponde al precio que hace falta pagar para que se celebre una misa: \u00a1la gracia y el amor de Dios son gratuitos! Eso permite ayudar a los padres de los Foyers de [&hellip;]<\/p>\n","protected":false},"author":1,"featured_media":41539,"parent":0,"menu_order":0,"comment_status":"closed","ping_status":"closed","template":"","meta":{"_acf_changed":false,"footnotes":""},"class_list":["post-41275","page","type-page","status-publish","has-post-thumbnail","hentry"],"acf":[],"_links":{"self":[{"href":"https:\/\/www.lesfoyersdecharite.com\/es\/wp-json\/wp\/v2\/pages\/41275","targetHints":{"allow":["GET"]}}],"collection":[{"href":"https:\/\/www.lesfoyersdecharite.com\/es\/wp-json\/wp\/v2\/pages"}],"about":[{"href":"https:\/\/www.lesfoyersdecharite.com\/es\/wp-json\/wp\/v2\/types\/page"}],"author":[{"embeddable":true,"href":"https:\/\/www.lesfoyersdecharite.com\/es\/wp-json\/wp\/v2\/users\/1"}],"replies":[{"embeddable":true,"href":"https:\/\/www.lesfoyersdecharite.com\/es\/wp-json\/wp\/v2\/comments?post=41275"}],"version-history":[{"count":3,"href":"https:\/\/www.lesfoyersdecharite.com\/es\/wp-json\/wp\/v2\/pages\/41275\/revisions"}],"predecessor-version":[{"id":261248,"href":"https:\/\/www.lesfoyersdecharite.com\/es\/wp-json\/wp\/v2\/pages\/41275\/revisions\/261248"}],"wp:featuredmedia":[{"embeddable":true,"href":"https:\/\/www.lesfoyersdecharite.com\/es\/wp-json\/wp\/v2\/media\/41539"}],"wp:attachment":[{"href":"https:\/\/www.lesfoyersdecharite.com\/es\/wp-json\/wp\/v2\/media?parent=41275"}],"curies":[{"name":"wp","href":"https:\/\/api.w.org\/{rel}","templated":true}]}}