{"id":41295,"date":"2019-08-19T22:44:43","date_gmt":"2019-08-19T20:44:43","guid":{"rendered":"http:\/\/fdc.urlprovisoire.net\/?page_id=41295"},"modified":"2025-03-20T10:25:12","modified_gmt":"2025-03-20T09:25:12","slug":"fundacion-de-interes-publico","status":"publish","type":"page","link":"https:\/\/www.lesfoyersdecharite.com\/es\/fundacion-de-interes-publico\/","title":{"rendered":"Fundaci\u00f3n de inter\u00e9s p\u00fablico"},"content":{"rendered":"\r\n<p>La Fundaci\u00f3n \u00abLe Foyer de Charit\u00e9\u00bb, con sede en Ch\u00e2teauneuf-de-Galaure, es una fundaci\u00f3n de inter\u00e9s p\u00fablico reconocida como tal por el decreto de 7 de febrero de 1972 publicado en el Diario Oficial (<em>J.O.<\/em>) de la Rep\u00fablica francesa el 7 de febrero de 1972.<\/p>\r\n\r\n\r\n\r\n<p>La Fundaci\u00f3n apoya el desarrollo internacional de la Obra de los Foyers de Charit\u00e9 para que cada Foyer pueda asegurar su misi\u00f3n de acoger a todos los que lo pidan. Hace falta que cada uno pueda vivir una estancia en un Foyer de Charit\u00e9, sean cuales sean sus recursos.<\/p>\r\n\r\n\r\n\r\n<p>Creemos en la necesidad para nuestros contempor\u00e1neos de encontrar por su camino, esos oasis de paz que les ayuden a construirse en profundidad.<\/p>\r\n\r\n\r\n\r\n<p>La Fundaci\u00f3n est\u00e1 habilitada para recibir\u00a0 <a href=\"\/es\/apoyarnos\/\">donaciones y legadosons<\/a>. \u00a0Esas donaciones y esos legados permiten apoyar la construcci\u00f3n de nuevos Foyers y ayudar a las comunidades m\u00e1s desfavorecidas, en particular en los pa\u00edses en desarrollo o en guerra.<\/p>\r\n\r\n\r\n\r\n<p>Fondation \u00ab\u00a0Le Foyer de Charit\u00e9\u00a0\u00bb<br \/>85, rue Geoffroy de Moirans<br \/>26330 CHATEAUNEUF DE GALAURE \u2013 FRANCIA<\/p>\r\n\r\n\r\n\r\n<p>&#x6d;&#x61;&#x72;&#x63;&#x2e;&#x6c;&#x65;&#x73;&#98;&#114;&#101;&#64;&#108;&#45;&#102;dc&#46;o&#x72;&#x67;<\/p>\r\n\r\n\r\n\r\n<p>Tfno: +33 4 75 68 79 00<\/p>\r\n","protected":false},"excerpt":{"rendered":"<p>La Fundaci\u00f3n \u00abLe Foyer de Charit\u00e9\u00bb, con sede en Ch\u00e2teauneuf-de-Galaure, es una fundaci\u00f3n de inter\u00e9s p\u00fablico reconocida como tal por el decreto de 7 de febrero de 1972 publicado en el Diario Oficial (J.O.) de la Rep\u00fablica francesa el 7 de febrero de 1972. La Fundaci\u00f3n apoya el desarrollo internacional de la Obra de los [&hellip;]<\/p>\n","protected":false},"author":1,"featured_media":143841,"parent":0,"menu_order":0,"comment_status":"closed","ping_status":"closed","template":"","meta":{"_acf_changed":false,"footnotes":""},"class_list":["post-41295","page","type-page","status-publish","has-post-thumbnail","hentry"],"acf":[],"_links":{"self":[{"href":"https:\/\/www.lesfoyersdecharite.com\/es\/wp-json\/wp\/v2\/pages\/41295","targetHints":{"allow":["GET"]}}],"collection":[{"href":"https:\/\/www.lesfoyersdecharite.com\/es\/wp-json\/wp\/v2\/pages"}],"about":[{"href":"https:\/\/www.lesfoyersdecharite.com\/es\/wp-json\/wp\/v2\/types\/page"}],"author":[{"embeddable":true,"href":"https:\/\/www.lesfoyersdecharite.com\/es\/wp-json\/wp\/v2\/users\/1"}],"replies":[{"embeddable":true,"href":"https:\/\/www.lesfoyersdecharite.com\/es\/wp-json\/wp\/v2\/comments?post=41295"}],"version-history":[{"count":4,"href":"https:\/\/www.lesfoyersdecharite.com\/es\/wp-json\/wp\/v2\/pages\/41295\/revisions"}],"predecessor-version":[{"id":261236,"href":"https:\/\/www.lesfoyersdecharite.com\/es\/wp-json\/wp\/v2\/pages\/41295\/revisions\/261236"}],"wp:featuredmedia":[{"embeddable":true,"href":"https:\/\/www.lesfoyersdecharite.com\/es\/wp-json\/wp\/v2\/media\/143841"}],"wp:attachment":[{"href":"https:\/\/www.lesfoyersdecharite.com\/es\/wp-json\/wp\/v2\/media?parent=41295"}],"curies":[{"name":"wp","href":"https:\/\/api.w.org\/{rel}","templated":true}]}}