{"id":41306,"date":"2019-08-19T22:46:40","date_gmt":"2019-08-19T20:46:40","guid":{"rendered":"http:\/\/fdc.urlprovisoire.net\/?page_id=41306"},"modified":"2025-03-20T10:22:29","modified_gmt":"2025-03-20T09:22:29","slug":"los-foyers-de-charite-en-la-iglesia-catolica","status":"publish","type":"page","link":"https:\/\/www.lesfoyersdecharite.com\/es\/los-foyers-de-charite-en-la-iglesia-catolica\/","title":{"rendered":"Los Foyers de Charit\u00e9 en la iglesia cat\u00f3lica"},"content":{"rendered":"\r\n<p>Cada Foyer de Charit\u00e9, comunidad de sacerdotes y laicos, se inserta en la Iglesia diocesana. Mantiene lazos regulares con el obispo de la di\u00f3cesis en la cual est\u00e1 establecido. Ciertos miembros del Foyer participan en servicios diocesanos (formaci\u00f3n, servicio de vocaciones, liturgia), asegurando el catecismo, visitando a enfermos, etc.<\/p>\r\n\r\n\r\n\r\n<p>Al momento de celebrar el 50avo aniversario de su fundaci\u00f3n, la <strong>Obra de los Foyers de Charit\u00e9<\/strong>, rica en gracias recibidas a lo largo de su historia y deseosa de profundizar sus ra\u00edces a\u00fan m\u00e1s profundamente en la Iglesia y con el fin de cumplir mejor su misi\u00f3n para el mundo, ha pedido al Consejo pontificio para los laicos que la reconozca oficialmente y que aprueve <a href=\"\/custom\/uploads\/2019\/09\/statuts-foyers-de-charite.pdf\" target=\"_blank\" rel=\"noreferrer noopener\" aria-label=\"ses statuts (s\u2019ouvre dans un nouvel onglet)\">su estatutos<\/a>.<\/p>\r\n\r\n\r\n\r\n<p style=\"text-align: center;\"><strong>Decreto<\/strong><\/p>\r\n\r\n\r\n\r\n<p>En 1986,\u00a0<em>luego de haber estudiado cuidadosamente la documentaci\u00f3n presentada por los responsables de la <strong>Obra<\/strong>\u00a0<strong>de los Foyers de Charit\u00e9,<\/strong>\u00a0recibido una opini\u00f3n positiva de numerosos obispos en cuyas di\u00f3cesis hab\u00eda un Foyer, y sometida la petici\u00f3n de reconocimiento a Su Santidad el Papa Juan-Pablo II<\/em>, el \u00ab\u00a0Consejo Pontificio para los laicos\u00a0\u00bb (hoy\u00a0<a href=\"http:\/\/www.laityfamilylife.va\/content\/laityfamilylife\/fr.html\" target=\"_blank\" rel=\"noreferrer noopener\" aria-label=\" (s\u2019ouvre dans un nouvel onglet)\">el Dicasterio para los laicos, la familia y la vida<\/a>) ha reconocido por decreto la Obra de los Foyers de Charit\u00e9 como asociaci\u00f3n internacional de fieles laicos.<\/p>\r\n\r\n\r\n\r\n<p style=\"text-align: center;\"><strong>Aprobaci\u00f3n definitiva de los Estatutos<\/strong><\/p>\r\n\r\n\r\n\r\n<p>En 1999,<em>\u00a0el Consejo pontificio para los Laicos confirma el reconocimiento de la <strong>Obra de los Foyers de Charit\u00e9<\/strong>\u00a0como\u00a0<strong>Asociaci\u00f3n privada internacional de fieles, de derecho pontificio, dotada de personalidad jur\u00eddica<\/strong>, seg\u00fan las normas de los c\u00e1nones 298-311 y 321-329 del C\u00f3digo de Derecho Can\u00f3nico (CIC) y decreta la aprobaci\u00f3n definitiva de sus Estatutos de los cuales el texto original est\u00e1 autentificado y depositado en los archivos de este Dicasterio.<\/em><\/p>\r\n\r\n\r\n\r\n<p style=\"text-align: center;\">Otorgado en el Vaticano, el 8 de diciembre de 1999<br \/>en la Solemnidad de la Inmaculada Concepci\u00f3n.<\/p>\r\n\r\n\r\n\r\n<div class=\"wp-block-image\">\r\n<figure class=\"aligncenter\"><img loading=\"lazy\" decoding=\"async\" width=\"472\" height=\"181\" class=\"wp-image-143823\" src=\"https:\/\/www.lesfoyersdecharite.com\/custom\/uploads\/2019\/09\/st11.jpg\" alt=\"\" srcset=\"https:\/\/www.lesfoyersdecharite.com\/custom\/uploads\/2019\/09\/st11.jpg 472w, https:\/\/www.lesfoyersdecharite.com\/custom\/uploads\/2019\/09\/st11-300x115.jpg 300w\" sizes=\"auto, (max-width: 472px) 100vw, 472px\" \/><\/figure>\r\n<\/div>\r\n\r\n\r\n\r\n<p><strong>Para leer los estatutos de los Foyers de Charit\u00e9 :<\/strong> <strong> <a href=\"\/custom\/uploads\/2019\/09\/statuts-foyers-de-charite.pdf\" target=\"_blank\" rel=\"noreferrer noopener\" aria-label=\" (s\u2019ouvre dans un nouvel onglet)\">presione-aqui<\/a><\/strong><\/p>\r\n<p style=\"text-align: center;\"><strong>Carta del Gobierno<\/strong><\/p>\r\n<p>En marzo de 2022, el cardenal Farrell, prefecto del Dicasterio para los Laicos, la Familia y la Vida, nombr\u00f3 a monse\u00f1or Dubost como Delegado Pontificio, asistido por otros dos delegados, el Sr. Laurent Landete y la hermana Christine Foulon, para \u201cgobernar la asociaci\u00f3n, de manera temporal, con plenos poderes de gobierno.<\/p>\r\n<p>El 18 de octubre de 2023, el Dicasterio para los Laicos, la Familia y la Vida public\u00f3 la carta de gobierno.<\/p>\r\n<p><strong>Para leer la carta del gobierno : <a href=\"https:\/\/lesfoyersdecharite.com\/custom\/uploads\/2023\/11\/Foyers-de-Charite%CC%81-Charte-de-Gouvernement-18.10-2023.pdf\">haga clic aqu\u00ed<\/a><\/strong><\/p>\r\n","protected":false},"excerpt":{"rendered":"<p>Cada Foyer de Charit\u00e9, comunidad de sacerdotes y laicos, se inserta en la Iglesia diocesana. Mantiene lazos regulares con el obispo de la di\u00f3cesis en la cual est\u00e1 establecido. Ciertos miembros del Foyer participan en servicios diocesanos (formaci\u00f3n, servicio de vocaciones, liturgia), asegurando el catecismo, visitando a enfermos, etc. Al momento de celebrar el 50avo [&hellip;]<\/p>\n","protected":false},"author":1,"featured_media":143820,"parent":0,"menu_order":0,"comment_status":"closed","ping_status":"closed","template":"","meta":{"_acf_changed":false,"footnotes":""},"class_list":["post-41306","page","type-page","status-publish","has-post-thumbnail","hentry"],"acf":[],"_links":{"self":[{"href":"https:\/\/www.lesfoyersdecharite.com\/es\/wp-json\/wp\/v2\/pages\/41306","targetHints":{"allow":["GET"]}}],"collection":[{"href":"https:\/\/www.lesfoyersdecharite.com\/es\/wp-json\/wp\/v2\/pages"}],"about":[{"href":"https:\/\/www.lesfoyersdecharite.com\/es\/wp-json\/wp\/v2\/types\/page"}],"author":[{"embeddable":true,"href":"https:\/\/www.lesfoyersdecharite.com\/es\/wp-json\/wp\/v2\/users\/1"}],"replies":[{"embeddable":true,"href":"https:\/\/www.lesfoyersdecharite.com\/es\/wp-json\/wp\/v2\/comments?post=41306"}],"version-history":[{"count":4,"href":"https:\/\/www.lesfoyersdecharite.com\/es\/wp-json\/wp\/v2\/pages\/41306\/revisions"}],"predecessor-version":[{"id":254583,"href":"https:\/\/www.lesfoyersdecharite.com\/es\/wp-json\/wp\/v2\/pages\/41306\/revisions\/254583"}],"wp:featuredmedia":[{"embeddable":true,"href":"https:\/\/www.lesfoyersdecharite.com\/es\/wp-json\/wp\/v2\/media\/143820"}],"wp:attachment":[{"href":"https:\/\/www.lesfoyersdecharite.com\/es\/wp-json\/wp\/v2\/media?parent=41306"}],"curies":[{"name":"wp","href":"https:\/\/api.w.org\/{rel}","templated":true}]}}