{"id":41311,"date":"2019-08-19T22:47:25","date_gmt":"2019-08-19T20:47:25","guid":{"rendered":"http:\/\/fdc.urlprovisoire.net\/?page_id=41311"},"modified":"2019-10-09T17:23:40","modified_gmt":"2019-10-09T15:23:40","slug":"predicadores","status":"publish","type":"page","link":"https:\/\/www.lesfoyersdecharite.com\/es\/predicadores\/","title":{"rendered":"Predicadores"},"content":{"rendered":"\n<p><strong>El predicador es la persona que predica las\nconferencias<\/strong> en los retiros\nespirituales. Pueden ser&nbsp;: <\/p>\n\n\n\n<ul class=\"wp-block-list\"><li>Miembros de los Foyers de Charit\u00e9&nbsp;: sacerdotes o laicos. <\/li><li>Obispos, sacerdotes diocesanos,\nreligiosos.<\/li><li>Personas con experiencia en los temas\nabordados durante los retiros (teolog\u00eda,\nespiritualidad, vida\nconyugal, sociolog\u00eda,\nfilosof\u00eda,\ndoctrina de la Iglesia, etc.) <strong><\/strong><\/li><\/ul>\n\n\n\n<p>Usted puede\u00a0<strong><a href=\"\/es\/horario-de-retiro\/\">escoger un retiro<\/a><\/strong>\u00a0en funci\u00f3n del predicador.<\/p>\n","protected":false},"excerpt":{"rendered":"<p>El predicador es la persona que predica las conferencias en los retiros espirituales. Pueden ser&nbsp;: Miembros de los Foyers de Charit\u00e9&nbsp;: sacerdotes o laicos. Obispos, sacerdotes diocesanos, religiosos. Personas con experiencia en los temas abordados durante los retiros (teolog\u00eda, espiritualidad, vida conyugal, sociolog\u00eda, filosof\u00eda, doctrina de la Iglesia, etc.) Usted puede\u00a0escoger un retiro\u00a0en funci\u00f3n del [&hellip;]<\/p>\n","protected":false},"author":1,"featured_media":0,"parent":0,"menu_order":0,"comment_status":"closed","ping_status":"closed","template":"tp-predicateurs.php","meta":{"_acf_changed":false,"footnotes":""},"class_list":["post-41311","page","type-page","status-publish","hentry"],"acf":[],"_links":{"self":[{"href":"https:\/\/www.lesfoyersdecharite.com\/es\/wp-json\/wp\/v2\/pages\/41311","targetHints":{"allow":["GET"]}}],"collection":[{"href":"https:\/\/www.lesfoyersdecharite.com\/es\/wp-json\/wp\/v2\/pages"}],"about":[{"href":"https:\/\/www.lesfoyersdecharite.com\/es\/wp-json\/wp\/v2\/types\/page"}],"author":[{"embeddable":true,"href":"https:\/\/www.lesfoyersdecharite.com\/es\/wp-json\/wp\/v2\/users\/1"}],"replies":[{"embeddable":true,"href":"https:\/\/www.lesfoyersdecharite.com\/es\/wp-json\/wp\/v2\/comments?post=41311"}],"version-history":[{"count":3,"href":"https:\/\/www.lesfoyersdecharite.com\/es\/wp-json\/wp\/v2\/pages\/41311\/revisions"}],"predecessor-version":[{"id":144302,"href":"https:\/\/www.lesfoyersdecharite.com\/es\/wp-json\/wp\/v2\/pages\/41311\/revisions\/144302"}],"wp:attachment":[{"href":"https:\/\/www.lesfoyersdecharite.com\/es\/wp-json\/wp\/v2\/media?parent=41311"}],"curies":[{"name":"wp","href":"https:\/\/api.w.org\/{rel}","templated":true}]}}