{"id":41352,"date":"2019-08-20T14:55:48","date_gmt":"2019-08-20T12:55:48","guid":{"rendered":"https:\/\/www.lesfoyersdecharite.com\/?page_id=41352"},"modified":"2025-05-14T10:08:24","modified_gmt":"2025-05-14T08:08:24","slug":"aspectos-legales","status":"publish","type":"page","link":"https:\/\/www.lesfoyersdecharite.com\/es\/aspectos-legales\/","title":{"rendered":"Aspectos legales"},"content":{"rendered":"\r\n<h2 class=\"wp-block-heading\">Los Foyers de Charit\u00e9<\/h2>\r\n\r\n\r\n\r\n<p>85, rue Geoffroy de Moirans \u2013 26330 CH\u00c2TEAUNEUF-DE GALAURE \u2013 FRANCIA<br \/>Tfno: + 33\u00a0(0)4 75 68 79 00<\/p>\r\n\r\n\r\n\r\n<h2 class=\"wp-block-heading\">Publicaci\u00f3n del sitio<\/h2>\r\n\r\n\r\n\r\n<p>Esta p\u00e1gina Web es propiedad de la Fondation Foyers de Charit\u00e9, 85 rue Geoffroy de Moirans \u2013 F-26330 Ch\u00e2teauneuf-de-Galaure.<br \/>Director de la publicaci\u00f3n: Les Foyers de Charit\u00e9<br \/>Hospedaje:\u00a0<a href=\"http:\/\/www.nexi.fr\/\">Nexi Conseils<\/a><br \/>Dise\u00f1o del sitio: Les Foyers de Charit\u00e9<br \/>Redacci\u00f3n:\u00a0<a href=\"http:\/\/www.scribandco.fr\/\">Scrib &amp; Co<\/a>.<br \/>Desarrollo de la p\u00e1gina Web:\u00a0<a href=\"http:\/\/www.nexi.fr\/\">Nexi Conseils<\/a><\/p>\r\n\r\n\r\n\r\n<h2 class=\"wp-block-heading\">Derechos de autor y derecho de reproducci\u00f3n<\/h2>\r\n\r\n\r\n\r\n<p>El nombre de dominio \u00abwww.foyersdecharite.com\u00bb es propiedad de los Foyers de Charit\u00e9.<br \/>Adem\u00e1s, el conjunto del sitio (textos e im\u00e1genes) as\u00ed como cada uno de sus elementos tomados por separado est\u00e1n sujetos a la legislaci\u00f3n francesa e internacional sobre el derecho de autor y, m\u00e1s ampliamente, sobre la propiedad intelectual (que incluye en particular la protecci\u00f3n en virtud del derecho de autor).<\/p>\r\n\r\n\r\n\r\n<p>Est\u00e1 prohibido modificar, reproducir, grabar o difundir los presentes documentos de cualquier forma y por cualquier medio:<\/p>\r\n\r\n\r\n\r\n<ul class=\"wp-block-list\">\r\n<li>procedimiento electr\u00f3nico o mec\u00e1nico,<\/li>\r\n<li>microfilmaci\u00f3n,<\/li>\r\n<li>fotocopia,<\/li>\r\n<li>grabaci\u00f3n<\/li>\r\n<li>u otro medio\u2026<\/li>\r\n<\/ul>\r\n\r\n\r\n\r\n<p>sin autorizaci\u00f3n previa y por escrito de los autores.<\/p>\r\n\r\n\r\n\r\n<p>Todos los derechos de reproducci\u00f3n o de representaci\u00f3n de los presentes documentos quedan reservados para todos los pa\u00edses.<\/p>\r\n\r\n\r\n\r\n<p>Todas los fotos y todos los v\u00eddeos que aparecen en el sitio web pertenecen a sus respectivos propietarios.<\/p>\r\n\r\n\r\n\r\n<p>Todos los derechos de reproducci\u00f3n, de representaci\u00f3n y de comunicaci\u00f3n p\u00fablica quedan reservados, incluyendo los documentos descargables y representaciones visuales, audiovisuales, audios, fotogr\u00e1ficas, iconogr\u00e1ficas, logotipos u otros tipos de documentos.<\/p>\r\n\r\n\r\n\r\n<p>La reproducci\u00f3n de todo o una parte de este sitio en cualquier soporte electr\u00f3nico es prohibida categ\u00f3ricamente excepto autorizaci\u00f3n expresa del director de la publicaci\u00f3n y constituir\u00eda un plagio sujeto a las sanciones previstas en los art\u00edculos L335-2 y siguientes del C\u00f3digo franc\u00e9s de la propiedad intelectual.<\/p>\r\n\r\n\r\n\r\n<p>Cr\u00e9ditos de fotos\/v\u00eddeos:\u00a0 Foyers de Charit\u00e9 \u2013 Michel Richard \u2013 Fran\u00e7ois Lespes<\/p>\r\n\r\n\r\n\r\n<h2 class=\"wp-block-heading\">Pol\u00edtica de protecci\u00f3n de los datos personales<\/h2>\r\n\r\n\r\n\r\n<p>o\u00a0<strong>Tipo de datos recopilados<\/strong><br \/>Los datos que recogemos provienen de la comunicaci\u00f3n voluntaria de su direcci\u00f3n de correo electr\u00f3nico o de sus se\u00f1as, que le permite recibir una informaci\u00f3n al contactarnos o durante una solicitud de inscripci\u00f3n para un retiro.<\/p>\r\n\r\n\r\n\r\n<p>o\u00a0<strong>Derecho de acceso, de modificaci\u00f3n y de supresi\u00f3n<\/strong>\u00a0De conformidad con el art\u00edculo 27 de la ley francesa sobre Inform\u00e1tica y Libertad (<em>\u00abloi Informatique et Libert\u00e9s\u00bb<\/em>) del 6 de enero de 1978, usted dispone de un derecho de acceso, de rectificaci\u00f3n y de supresi\u00f3n en cuanto a los datos personales que podr\u00edamos recoger.<br \/>Usted puede ejercer este derecho envi\u00e1ndonos un correo electr\u00f3nico o escribi\u00e9ndonos.<br \/>Correo electr\u00f3nico:\u00a0<a href=\"&#x6d;&#97;i&#x6c;&#116;&#111;&#x3a;&#x63;&#111;n&#x74;&#97;c&#x74;&#x40;&#108;e&#x73;&#102;o&#x79;&#x65;&#114;s&#x64;&#101;c&#x68;&#x61;&#114;i&#x74;&#101;&#46;&#x63;&#x6f;&#109;\">contact&#64;lesf&#111;&#121;&#101;&#114;&#115;&#100;&#101;&#99;&#104;&#97;&#114;&#105;&#116;&#101;&#46;&#x63;&#x6f;&#x6d;<\/a><\/p>\r\n","protected":false},"excerpt":{"rendered":"<p>Los Foyers de Charit\u00e9 85, rue Geoffroy de Moirans \u2013 26330 CH\u00c2TEAUNEUF-DE GALAURE \u2013 FRANCIATfno: + 33\u00a0(0)4 75 68 79 00 Publicaci\u00f3n del sitio Esta p\u00e1gina Web es propiedad de la Fondation Foyers de Charit\u00e9, 85 rue Geoffroy de Moirans \u2013 F-26330 Ch\u00e2teauneuf-de-Galaure.Director de la publicaci\u00f3n: Les Foyers de Charit\u00e9Hospedaje:\u00a0Nexi ConseilsDise\u00f1o del sitio: Les Foyers [&hellip;]<\/p>\n","protected":false},"author":1,"featured_media":0,"parent":0,"menu_order":0,"comment_status":"closed","ping_status":"closed","template":"","meta":{"_acf_changed":false,"footnotes":""},"class_list":["post-41352","page","type-page","status-publish","hentry"],"acf":[],"_links":{"self":[{"href":"https:\/\/www.lesfoyersdecharite.com\/es\/wp-json\/wp\/v2\/pages\/41352","targetHints":{"allow":["GET"]}}],"collection":[{"href":"https:\/\/www.lesfoyersdecharite.com\/es\/wp-json\/wp\/v2\/pages"}],"about":[{"href":"https:\/\/www.lesfoyersdecharite.com\/es\/wp-json\/wp\/v2\/types\/page"}],"author":[{"embeddable":true,"href":"https:\/\/www.lesfoyersdecharite.com\/es\/wp-json\/wp\/v2\/users\/1"}],"replies":[{"embeddable":true,"href":"https:\/\/www.lesfoyersdecharite.com\/es\/wp-json\/wp\/v2\/comments?post=41352"}],"version-history":[{"count":2,"href":"https:\/\/www.lesfoyersdecharite.com\/es\/wp-json\/wp\/v2\/pages\/41352\/revisions"}],"predecessor-version":[{"id":261852,"href":"https:\/\/www.lesfoyersdecharite.com\/es\/wp-json\/wp\/v2\/pages\/41352\/revisions\/261852"}],"wp:attachment":[{"href":"https:\/\/www.lesfoyersdecharite.com\/es\/wp-json\/wp\/v2\/media?parent=41352"}],"curies":[{"name":"wp","href":"https:\/\/api.w.org\/{rel}","templated":true}]}}