{"id":41462,"date":"2019-08-20T16:24:15","date_gmt":"2019-08-20T14:24:15","guid":{"rendered":"https:\/\/www.lesfoyersdecharite.com\/?page_id=41462"},"modified":"2025-03-20T10:36:09","modified_gmt":"2025-03-20T09:36:09","slug":"que-retiro-espiritual-elegir","status":"publish","type":"page","link":"https:\/\/www.lesfoyersdecharite.com\/es\/que-retiro-espiritual-elegir\/","title":{"rendered":"\u00bfQu\u00e9 retiro espiritual elegir?"},"content":{"rendered":"\r\n<p>Usted puede elegir un retiro espiritual en funci\u00f3n de su edad, de su perfil, de un tema, de un predicador o de la duraci\u00f3n propuesta.<\/p>\r\n\r\n\r\n\r\n<p>Para los retiros de 6 d\u00edas, algunos Foyers proponen dos opciones distintas:<\/p>\r\n\r\n\r\n\r\n<ul class=\"wp-block-list\">\r\n<li><strong>El retiro fundamental<\/strong>, que ofrece una visi\u00f3n completa de la fe cristiana.\u00a0Para vivir un primer retiro de 6 d\u00edas, le alentamos a privilegiar \u00e9se.<\/li>\r\n<li><strong>El retiro tem\u00e1tico<\/strong>, que ahonda un punto preciso de la fe cristiana, a partir de un libro de la Biblia, del tiempo lit\u00fargico o de un tema particular.<\/li>\r\n<\/ul>\r\n","protected":false},"excerpt":{"rendered":"<p>Usted puede elegir un retiro espiritual en funci\u00f3n de su edad, de su perfil, de un tema, de un predicador o de la duraci\u00f3n propuesta. Para los retiros de 6 d\u00edas, algunos Foyers proponen dos opciones distintas: El retiro fundamental, que ofrece una visi\u00f3n completa de la fe cristiana.\u00a0Para vivir un primer retiro de 6 [&hellip;]<\/p>\n","protected":false},"author":1,"featured_media":41519,"parent":0,"menu_order":0,"comment_status":"closed","ping_status":"closed","template":"tp-quelles-retraites.php","meta":{"_acf_changed":false,"footnotes":""},"class_list":["post-41462","page","type-page","status-publish","has-post-thumbnail","hentry"],"acf":[],"_links":{"self":[{"href":"https:\/\/www.lesfoyersdecharite.com\/es\/wp-json\/wp\/v2\/pages\/41462","targetHints":{"allow":["GET"]}}],"collection":[{"href":"https:\/\/www.lesfoyersdecharite.com\/es\/wp-json\/wp\/v2\/pages"}],"about":[{"href":"https:\/\/www.lesfoyersdecharite.com\/es\/wp-json\/wp\/v2\/types\/page"}],"author":[{"embeddable":true,"href":"https:\/\/www.lesfoyersdecharite.com\/es\/wp-json\/wp\/v2\/users\/1"}],"replies":[{"embeddable":true,"href":"https:\/\/www.lesfoyersdecharite.com\/es\/wp-json\/wp\/v2\/comments?post=41462"}],"version-history":[{"count":3,"href":"https:\/\/www.lesfoyersdecharite.com\/es\/wp-json\/wp\/v2\/pages\/41462\/revisions"}],"predecessor-version":[{"id":261238,"href":"https:\/\/www.lesfoyersdecharite.com\/es\/wp-json\/wp\/v2\/pages\/41462\/revisions\/261238"}],"wp:featuredmedia":[{"embeddable":true,"href":"https:\/\/www.lesfoyersdecharite.com\/es\/wp-json\/wp\/v2\/media\/41519"}],"wp:attachment":[{"href":"https:\/\/www.lesfoyersdecharite.com\/es\/wp-json\/wp\/v2\/media?parent=41462"}],"curies":[{"name":"wp","href":"https:\/\/api.w.org\/{rel}","templated":true}]}}