{"id":41466,"date":"2019-08-20T16:25:01","date_gmt":"2019-08-20T14:25:01","guid":{"rendered":"https:\/\/www.lesfoyersdecharite.com\/?page_id=41466"},"modified":"2025-03-20T11:27:27","modified_gmt":"2025-03-20T10:27:27","slug":"por-que-hacer-un-retiro","status":"publish","type":"page","link":"https:\/\/www.lesfoyersdecharite.com\/es\/por-que-hacer-un-retiro\/","title":{"rendered":"\u00bfPor qu\u00e9 hacer un retiro?"},"content":{"rendered":"\r\n<p>Un retiro espiritual es una pausa para el coraz\u00f3n y el esp\u00edritu. Obra como un soplo de aire puro para:<\/p>\r\n\r\n\r\n\r\n<ul class=\"wp-block-list\">\r\n<li>Tomarse un respiro,<strong>\u00a0descansar<\/strong>, encontrar consuelo en medio de nuestras vidas perturbadas;<\/li>\r\n<li>Encontrar a\u00a0<strong>Dios<\/strong>\u00a0en el silencio, leer su<strong>\u00a0Palabra, reavivar la propia fe<\/strong>;<\/li>\r\n<li>Reflexionar sobre el sentido de la propia existencia,\u00a0<strong>tomar distancia<\/strong>\u00a0antes de adoptar decisiones importantes;<\/li>\r\n<li>Profundizar en las grandes preguntas de la vida,\u00a0<strong>entender\u00a0<\/strong>mejor los fundamentos de la fe cristiana.<\/li>\r\n<\/ul>\r\n\r\n\r\n\r\n<p>Sean cuales sean los motivos, el retiro espiritual permite hacer una pausa en un lugar propicio a la interioridad. El marco, el silencio y el ritmo del retiro hace que usted est\u00e9 disponible para s\u00ed mismo y para Dios.<\/p>\r\n\r\n\r\n\r\n<figure class=\"wp-block-embed-youtube wp-block-embed is-type-video is-provider-youtube wp-embed-aspect-16-9 wp-has-aspect-ratio\">\r\n<div class=\"wp-block-embed__wrapper\">https:\/\/www.youtube.com\/watch?v=1TQdWjHw91s&amp;feature=youtu.be<\/div>\r\n<\/figure>\r\n\r\n\r\n\r\n<h2 class=\"wp-block-heading\">\u00bfPor qu\u00e9 hacer un retiro en un Foyer de Charit\u00e9?<\/h2>\r\n\r\n\r\n\r\n<ul class=\"wp-block-gallery columns-3 is-cropped wp-block-gallery-1 is-layout-flex wp-block-gallery-is-layout-flex\">\r\n<li class=\"blocks-gallery-item\">\r\n<figure><img loading=\"lazy\" decoding=\"async\" width=\"293\" height=\"351\" class=\"wp-image-143773\" src=\"https:\/\/www.lesfoyersdecharite.com\/custom\/uploads\/2019\/09\/img-foyer2.jpg\" alt=\"\" data-id=\"143773\" data-link=\"https:\/\/www.lesfoyersdecharite.com\/es\/pourquoi-faire-une-retraite-spirituelle\/img-foyer2-2\/\" srcset=\"https:\/\/www.lesfoyersdecharite.com\/custom\/uploads\/2019\/09\/img-foyer2.jpg 293w, https:\/\/www.lesfoyersdecharite.com\/custom\/uploads\/2019\/09\/img-foyer2-250x300.jpg 250w\" sizes=\"auto, (max-width: 293px) 100vw, 293px\" \/><\/figure>\r\n<\/li>\r\n<li class=\"blocks-gallery-item\">\r\n<figure><img loading=\"lazy\" decoding=\"async\" width=\"293\" height=\"351\" class=\"wp-image-143776\" src=\"https:\/\/www.lesfoyersdecharite.com\/custom\/uploads\/2019\/09\/img-foyer3.jpg\" alt=\"\" data-id=\"143776\" data-link=\"https:\/\/www.lesfoyersdecharite.com\/es\/pourquoi-faire-une-retraite-spirituelle\/img-foyer3-2\/\" srcset=\"https:\/\/www.lesfoyersdecharite.com\/custom\/uploads\/2019\/09\/img-foyer3.jpg 293w, https:\/\/www.lesfoyersdecharite.com\/custom\/uploads\/2019\/09\/img-foyer3-250x300.jpg 250w\" sizes=\"auto, (max-width: 293px) 100vw, 293px\" \/><\/figure>\r\n<\/li>\r\n<li class=\"blocks-gallery-item\">\r\n<figure><img loading=\"lazy\" decoding=\"async\" width=\"293\" height=\"351\" class=\"wp-image-143770\" src=\"https:\/\/www.lesfoyersdecharite.com\/custom\/uploads\/2019\/09\/img-foyer1.jpg\" alt=\"\" data-id=\"143770\" data-link=\"https:\/\/www.lesfoyersdecharite.com\/es\/pourquoi-faire-une-retraite-spirituelle\/img-foyer1-2\/\" srcset=\"https:\/\/www.lesfoyersdecharite.com\/custom\/uploads\/2019\/09\/img-foyer1.jpg 293w, https:\/\/www.lesfoyersdecharite.com\/custom\/uploads\/2019\/09\/img-foyer1-250x300.jpg 250w\" sizes=\"auto, (max-width: 293px) 100vw, 293px\" \/><\/figure>\r\n<\/li>\r\n<\/ul>\r\n\r\n\r\n\r\n<p>Los Foyers de Charit\u00e9 acogen cada a\u00f1o a m\u00e1s de 50.000 personas para que vivan un retiro espiritual. Son bienvenidos todos los adultos, creyentes o no, a partir de los 17 a\u00f1os. All\u00ed todos reciben la misma\u00a0<strong>acogida benevolente<\/strong>, en el\u00a0<strong>respeto\u00a0<\/strong>de su persona y de su enfoque singular. Los miembros de los Foyers los reciben en su marco comunitario, como en una familia. Hacen todo lo posible para que cada uno se sienta c\u00f3modo, libre de participar o no a lo que le proponen.<\/p>\r\n","protected":false},"excerpt":{"rendered":"<p>Un retiro espiritual es una pausa para el coraz\u00f3n y el esp\u00edritu. Obra como un soplo de aire puro para: Tomarse un respiro,\u00a0descansar, encontrar consuelo en medio de nuestras vidas perturbadas; Encontrar a\u00a0Dios\u00a0en el silencio, leer su\u00a0Palabra, reavivar la propia fe; Reflexionar sobre el sentido de la propia existencia,\u00a0tomar distancia\u00a0antes de adoptar decisiones importantes; Profundizar [&hellip;]<\/p>\n","protected":false},"author":1,"featured_media":41194,"parent":0,"menu_order":0,"comment_status":"closed","ping_status":"closed","template":"","meta":{"_acf_changed":false,"footnotes":""},"class_list":["post-41466","page","type-page","status-publish","has-post-thumbnail","hentry"],"acf":[],"_links":{"self":[{"href":"https:\/\/www.lesfoyersdecharite.com\/es\/wp-json\/wp\/v2\/pages\/41466","targetHints":{"allow":["GET"]}}],"collection":[{"href":"https:\/\/www.lesfoyersdecharite.com\/es\/wp-json\/wp\/v2\/pages"}],"about":[{"href":"https:\/\/www.lesfoyersdecharite.com\/es\/wp-json\/wp\/v2\/types\/page"}],"author":[{"embeddable":true,"href":"https:\/\/www.lesfoyersdecharite.com\/es\/wp-json\/wp\/v2\/users\/1"}],"replies":[{"embeddable":true,"href":"https:\/\/www.lesfoyersdecharite.com\/es\/wp-json\/wp\/v2\/comments?post=41466"}],"version-history":[{"count":3,"href":"https:\/\/www.lesfoyersdecharite.com\/es\/wp-json\/wp\/v2\/pages\/41466\/revisions"}],"predecessor-version":[{"id":261244,"href":"https:\/\/www.lesfoyersdecharite.com\/es\/wp-json\/wp\/v2\/pages\/41466\/revisions\/261244"}],"wp:featuredmedia":[{"embeddable":true,"href":"https:\/\/www.lesfoyersdecharite.com\/es\/wp-json\/wp\/v2\/media\/41194"}],"wp:attachment":[{"href":"https:\/\/www.lesfoyersdecharite.com\/es\/wp-json\/wp\/v2\/media?parent=41466"}],"curies":[{"name":"wp","href":"https:\/\/api.w.org\/{rel}","templated":true}]}}